{"id":1200,"date":"2024-07-19T05:54:32","date_gmt":"2024-07-19T03:54:32","guid":{"rendered":"https:\/\/riprem.net\/?page_id=1200"},"modified":"2024-07-28T22:54:14","modified_gmt":"2024-07-28T20:54:14","slug":"reines-meres-afrique","status":"publish","type":"page","link":"https:\/\/riprem.net\/reines-meres-afrique\/","title":{"rendered":"Reines-Meres-Afrique"},"content":{"rendered":"<p>[et_pb_section fb_built=&#8221;1&#8243; admin_label=&#8221;Header&#8221; _builder_version=&#8221;4.27.0&#8243; _module_preset=&#8221;default&#8221; use_background_color_gradient=&#8221;on&#8221; background_color_gradient_stops=&#8221;rgba(83,43,168,0.43) 0%|rgba(83,43,168,0.43) 100%&#8221; background_color_gradient_overlays_image=&#8221;on&#8221; background_image=&#8221;https:\/\/riprem.net\/wp-content\/uploads\/2024\/07\/IMG-20221213-WA0003-1024&#215;667-1.jpg&#8221; parallax=&#8221;on&#8221; custom_padding=&#8221;8vw||8vw||true|false&#8221; border_width_all=&#8221;5px&#8221; border_color_all=&#8221;#57bb2c&#8221; locked=&#8221;off&#8221; collapsed=&#8221;on&#8221; global_colors_info=&#8221;{}&#8221;][et_pb_row _builder_version=&#8221;4.22.0&#8243; _module_preset=&#8221;default&#8221; global_colors_info=&#8221;{}&#8221;][et_pb_column type=&#8221;4_4&#8243; _builder_version=&#8221;4.22.0&#8243; _module_preset=&#8221;default&#8221; global_colors_info=&#8221;{}&#8221;][et_pb_text _builder_version=&#8221;4.27.0&#8243; _module_preset=&#8221;default&#8221; header_font=&#8221;Manrope|800|||||||&#8221; header_text_align=&#8221;center&#8221; header_text_color=&#8221;#FFFFFF&#8221; header_font_size=&#8221;100px&#8221; global_colors_info=&#8221;{}&#8221; header_3_font=&#8221;Manrope|800|||||||&#8221; header_3_text_align=&#8221;center&#8221; header_3_text_color=&#8221;#FFFFFF&#8221; header_3_font_size=&#8221;50px&#8221; content_last_edited=&#8221;on|phone&#8221; hover_enabled=&#8221;0&#8243; sticky_enabled=&#8221;0&#8243; content_phone=&#8221;<\/p>\n<h3 class=%22elementor-heading-title elementor-size-default%22>Nos Reines M\u00e8res D\u2019Afrique<\/h3>\n<p>&#8221; content_tablet=&#8221;<\/p>\n<h1 class=%22elementor-heading-title elementor-size-default%22>Nos Reines M\u00e8res D\u2019Afrique<\/h1>\n<p>&#8220;]<\/p>\n<h1 class=\"elementor-heading-title elementor-size-default\">Nos Reines M\u00e8res D\u2019Afrique<\/h1>\n<p>[\/et_pb_text][\/et_pb_column][\/et_pb_row][\/et_pb_section][et_pb_section fb_built=&#8221;1&#8243; _builder_version=&#8221;4.27.0&#8243; _module_preset=&#8221;default&#8221; background_color=&#8221;rgba(221,232,234,0.55)&#8221; collapsed=&#8221;on&#8221; global_colors_info=&#8221;{}&#8221; custom_padding=&#8221;||16px|||&#8221;][et_pb_row _builder_version=&#8221;4.27.0&#8243; _module_preset=&#8221;default&#8221; global_colors_info=&#8221;{}&#8221; custom_margin=&#8221;|auto|17px|auto||&#8221;][et_pb_column type=&#8221;4_4&#8243; _builder_version=&#8221;4.27.0&#8243; _module_preset=&#8221;default&#8221; global_colors_info=&#8221;{}&#8221;][et_pb_text _builder_version=&#8221;4.27.0&#8243; _module_preset=&#8221;default&#8221; header_2_font=&#8221;Manrope|800|||||||&#8221; header_2_text_align=&#8221;center&#8221; header_2_text_color=&#8221;#101010&#8243; header_2_font_size=&#8221;45px&#8221; hover_enabled=&#8221;0&#8243; global_colors_info=&#8221;{}&#8221; header_2_font_size_last_edited=&#8221;on|phone&#8221; sticky_enabled=&#8221;0&#8243; header_2_font_size_phone=&#8221;30px&#8221; custom_margin=&#8221;||8px|||&#8221; header_2_font_size_tablet=&#8221;45px&#8221;]<\/p>\n<h2 class=\"ekit-heading--title elementskit-section-title \">Leadership<span>\u00a0<\/span><span><\/span><em><span style=\"color: #57bb2c;\">Africain<\/span> <\/em>Inspirant<span>\u00a0<a href=\"https:\/\/riprem.net\/wp-content\/uploads\/2024\/07\/1f1e8-1f1f2.svg\"><img loading=\"lazy\" decoding=\"async\" src=\"https:\/\/riprem.net\/wp-content\/uploads\/2024\/07\/1f1e8-1f1f2.svg\" width=\"47\" height=\"47\" alt=\"\" class=\"wp-image-1404 alignnone size-full\" \/><\/a><\/span><\/h2>\n<p>[\/et_pb_text][et_pb_text _builder_version=&#8221;4.27.0&#8243; _module_preset=&#8221;default&#8221; text_font=&#8221;Manrope|600|||||||&#8221; text_font_size=&#8221;16px&#8221; text_orientation=&#8221;center&#8221; width=&#8221;60%&#8221; max_width=&#8221;60%&#8221; module_alignment=&#8221;center&#8221; hover_enabled=&#8221;0&#8243; global_colors_info=&#8221;{}&#8221; width_last_edited=&#8221;on|phone&#8221; sticky_enabled=&#8221;0&#8243; width_phone=&#8221;95%&#8221; max_width_last_edited=&#8221;on|phone&#8221; max_width_phone=&#8221;95%&#8221; width_tablet=&#8221;60%&#8221; max_width_tablet=&#8221;60%&#8221;]<\/p>\n<p><span>Rencontrez nos\u00a0<\/span><strong>Reines-M\u00e8res d&#8217;Afrique<\/strong><span>, des femmes visionnaires qui guident leurs communaut\u00e9s avec sagesse et d\u00e9termination. Leur leadership inspire le changement et l&#8217;autonomisation dans toute la r\u00e9gion.<\/span><\/p>\n<p>[\/et_pb_text][\/et_pb_column][\/et_pb_row][\/et_pb_section][et_pb_section fb_built=&#8221;1&#8243; _builder_version=&#8221;4.27.0&#8243; _module_preset=&#8221;default&#8221; custom_margin=&#8221;||||false|false&#8221; custom_padding=&#8221;0px||||false|false&#8221; collapsed=&#8221;on&#8221; global_colors_info=&#8221;{}&#8221;][et_pb_row _builder_version=&#8221;4.27.0&#8243; _module_preset=&#8221;default&#8221; width=&#8221;90%&#8221; max_width=&#8221;2560px&#8221; global_colors_info=&#8221;{}&#8221;][et_pb_column type=&#8221;4_4&#8243; _builder_version=&#8221;4.27.0&#8243; _module_preset=&#8221;default&#8221; global_colors_info=&#8221;{}&#8221;][et_pb_gallery gallery_ids=&#8221;1371,1370,1369,1368,1367,1365,1363,1362,1361,1360,1359,1358,1357,1356,1355,1354,1352,1351,1350,1349,1348,1347,1346,1344,1343,1342,1341,1340,1339,1337,1336,1335,1333,1332,1331,1330&#8243; posts_number=&#8221;40&#8243; orientation=&#8221;portrait&#8221; show_title_and_caption=&#8221;off&#8221; show_pagination=&#8221;off&#8221; zoom_icon_color=&#8221;RGBA(255,255,255,0)&#8221; hover_overlay_color=&#8221;RGBA(255,255,255,0)&#8221; _builder_version=&#8221;4.27.0&#8243; _module_preset=&#8221;default&#8221; hover_enabled=&#8221;0&#8243; border_width_all=&#8221;3px&#8221; border_color_all=&#8221;#57bb2c&#8221; global_colors_info=&#8221;{}&#8221; sticky_enabled=&#8221;0&#8243;][\/et_pb_gallery][\/et_pb_column][\/et_pb_row][\/et_pb_section]<\/p>\n","protected":false},"excerpt":{"rendered":"<p>Nos Reines M\u00e8res D\u2019AfriqueLeadership\u00a0Africain Inspirant\u00a0Rencontrez nos\u00a0Reines-M\u00e8res d&#8217;Afrique, des femmes visionnaires qui guident leurs communaut\u00e9s avec sagesse et d\u00e9termination. Leur leadership inspire le changement et l&#8217;autonomisation dans toute la r\u00e9gion.<\/p>\n","protected":false},"author":1,"featured_media":0,"parent":0,"menu_order":0,"comment_status":"closed","ping_status":"closed","template":"","meta":{"_et_pb_use_builder":"on","_et_pb_old_content":"","_et_gb_content_width":"","footnotes":""},"class_list":["post-1200","page","type-page","status-publish","hentry"],"yoast_head":"<!-- This site is optimized with the Yoast SEO plugin v23.1 - https:\/\/yoast.com\/wordpress\/plugins\/seo\/ -->\n<title>Reines-Meres-Afrique<\/title>\n<meta name=\"description\" content=\"[et_pb_section fb_built=&quot;1&quot; admin_label=&quot;Header&quot; _builder_version=&quot;4.27.0&quot; _module_preset=&quot;default&quot; use_background_color_gradient=&quot;on&quot; background_color_gradient_stops=&quot;rgba(83,43,168,0.43) 0%|rgba(83,43,168,0.43) 100%&quot; background_color_gradient_overlays_image=&quot;on&quot; background_image=&quot;https:\/\/riprem.net\/wp-content\/uploads\/2024\/07\/IMG-20221213-WA0003-1024x667-1.jpg&quot; parallax=&quot;on&quot; custom_padding=&quot;8vw||8vw||true|false&quot; border_width_all=&quot;5px&quot; border_color_all=&quot;#57bb2c&quot; locked=&quot;off&quot; collapsed=&quot;on&quot; global_colors_info=&quot;{}&quot;][et_pb_row _builder_version=&quot;4.22.0&quot; _module_preset=&quot;default&quot; global_colors_info=&quot;{}&quot;][et_pb_column type=&quot;4_4&quot; _builder_version=&quot;4.22.0&quot; _module_preset=&quot;default&quot; global_colors_info=&quot;{}&quot;][et_pb_text _builder_version=&quot;4.27.0&quot; _module_preset=&quot;default&quot; header_font=&quot;Manrope|800|||||||&quot; header_text_align=&quot;center&quot; header_text_color=&quot;#FFFFFF&quot; header_font_size=&quot;100px&quot; global_colors_info=&quot;{}&quot; header_3_font=&quot;Manrope|800|||||||&quot; header_3_text_align=&quot;center&quot; header_3_text_color=&quot;#FFFFFF&quot; header_3_font_size=&quot;50px&quot; content_last_edited=&quot;on|phone&quot; hover_enabled=&quot;0&quot; sticky_enabled=&quot;0&quot; content_phone=&quot;Nos Reines M\u00e8res D\u2019Afrique&quot; content_tablet=&quot;Nos Reines M\u00e8res D\u2019Afrique&quot;]Nos Reines M\u00e8res D\u2019Afrique[\/et_pb_text][\/et_pb_column][\/et_pb_row][\/et_pb_section][et_pb_section fb_built=&quot;1&quot; _builder_version=&quot;4.27.0&quot; _module_preset=&quot;default&quot; background_color=&quot;rgba(221,232,234,0.55)&quot; collapsed=&quot;on&quot;&hellip;\" \/>\n<meta name=\"robots\" content=\"index, follow, max-snippet:-1, max-image-preview:large, max-video-preview:-1\" \/>\n<link rel=\"canonical\" href=\"https:\/\/riprem.net\/reines-meres-afrique\/\" \/>\n<meta property=\"og:locale\" content=\"en_US\" \/>\n<meta property=\"og:type\" content=\"article\" \/>\n<meta property=\"og:title\" content=\"Reines-Meres-Afrique\" \/>\n<meta property=\"og:description\" content=\"[et_pb_section fb_built=&quot;1&quot; admin_label=&quot;Header&quot; _builder_version=&quot;4.27.0&quot; _module_preset=&quot;default&quot; use_background_color_gradient=&quot;on&quot; background_color_gradient_stops=&quot;rgba(83,43,168,0.43) 0%|rgba(83,43,168,0.43) 100%&quot; background_color_gradient_overlays_image=&quot;on&quot; background_image=&quot;https:\/\/riprem.net\/wp-content\/uploads\/2024\/07\/IMG-20221213-WA0003-1024x667-1.jpg&quot; parallax=&quot;on&quot; custom_padding=&quot;8vw||8vw||true|false&quot; border_width_all=&quot;5px&quot; border_color_all=&quot;#57bb2c&quot; locked=&quot;off&quot; collapsed=&quot;on&quot; global_colors_info=&quot;{}&quot;][et_pb_row _builder_version=&quot;4.22.0&quot; _module_preset=&quot;default&quot; global_colors_info=&quot;{}&quot;][et_pb_column type=&quot;4_4&quot; _builder_version=&quot;4.22.0&quot; _module_preset=&quot;default&quot; global_colors_info=&quot;{}&quot;][et_pb_text _builder_version=&quot;4.27.0&quot; _module_preset=&quot;default&quot; header_font=&quot;Manrope|800|||||||&quot; header_text_align=&quot;center&quot; header_text_color=&quot;#FFFFFF&quot; header_font_size=&quot;100px&quot; global_colors_info=&quot;{}&quot; header_3_font=&quot;Manrope|800|||||||&quot; header_3_text_align=&quot;center&quot; header_3_text_color=&quot;#FFFFFF&quot; header_3_font_size=&quot;50px&quot; content_last_edited=&quot;on|phone&quot; hover_enabled=&quot;0&quot; sticky_enabled=&quot;0&quot; content_phone=&quot;Nos Reines M\u00e8res D\u2019Afrique&quot; content_tablet=&quot;Nos Reines M\u00e8res D\u2019Afrique&quot;]Nos Reines M\u00e8res D\u2019Afrique[\/et_pb_text][\/et_pb_column][\/et_pb_row][\/et_pb_section][et_pb_section fb_built=&quot;1&quot; _builder_version=&quot;4.27.0&quot; _module_preset=&quot;default&quot; background_color=&quot;rgba(221,232,234,0.55)&quot; collapsed=&quot;on&quot;&hellip;\" \/>\n<meta property=\"og:url\" content=\"https:\/\/riprem.net\/reines-meres-afrique\/\" \/>\n<meta property=\"og:site_name\" content=\"riprem\" \/>\n<meta property=\"article:publisher\" content=\"https:\/\/www.facebook.com\/Riprem.org\/\" \/>\n<meta property=\"article:modified_time\" content=\"2024-07-28T20:54:14+00:00\" \/>\n<meta property=\"og:image\" content=\"https:\/\/riprem.net\/wp-content\/uploads\/2024\/07\/1f1e8-1f1f2.svg\" \/>\n<meta name=\"twitter:card\" content=\"summary_large_image\" \/>\n<meta name=\"twitter:site\" content=\"@RipremC\" \/>\n<meta name=\"twitter:label1\" content=\"Est. reading time\" \/>\n\t<meta name=\"twitter:data1\" content=\"2 minutes\" \/>\n<script type=\"application\/ld+json\" class=\"yoast-schema-graph\">{\"@context\":\"https:\/\/schema.org\",\"@graph\":[{\"@type\":\"WebPage\",\"@id\":\"https:\/\/riprem.net\/reines-meres-afrique\/\",\"url\":\"https:\/\/riprem.net\/reines-meres-afrique\/\",\"name\":\"Reines-Meres-Afrique - riprem\",\"isPartOf\":{\"@id\":\"https:\/\/riprem.net\/fr\/#website\"},\"primaryImageOfPage\":{\"@id\":\"https:\/\/riprem.net\/reines-meres-afrique\/#primaryimage\"},\"image\":{\"@id\":\"https:\/\/riprem.net\/reines-meres-afrique\/#primaryimage\"},\"thumbnailUrl\":\"https:\/\/riprem.net\/wp-content\/uploads\/2024\/07\/1f1e8-1f1f2.svg\",\"datePublished\":\"2024-07-19T03:54:32+00:00\",\"dateModified\":\"2024-07-28T20:54:14+00:00\",\"breadcrumb\":{\"@id\":\"https:\/\/riprem.net\/reines-meres-afrique\/#breadcrumb\"},\"inLanguage\":\"en-US\",\"potentialAction\":[{\"@type\":\"ReadAction\",\"target\":[\"https:\/\/riprem.net\/reines-meres-afrique\/\"]}]},{\"@type\":\"ImageObject\",\"inLanguage\":\"en-US\",\"@id\":\"https:\/\/riprem.net\/reines-meres-afrique\/#primaryimage\",\"url\":\"https:\/\/riprem.net\/wp-content\/uploads\/2024\/07\/1f1e8-1f1f2.svg\",\"contentUrl\":\"https:\/\/riprem.net\/wp-content\/uploads\/2024\/07\/1f1e8-1f1f2.svg\"},{\"@type\":\"BreadcrumbList\",\"@id\":\"https:\/\/riprem.net\/reines-meres-afrique\/#breadcrumb\",\"itemListElement\":[{\"@type\":\"ListItem\",\"position\":1,\"name\":\"Accueil\",\"item\":\"https:\/\/riprem.net\/\"},{\"@type\":\"ListItem\",\"position\":2,\"name\":\"Reines-Meres-Afrique\"}]},{\"@type\":\"WebSite\",\"@id\":\"https:\/\/riprem.net\/fr\/#website\",\"url\":\"https:\/\/riprem.net\/fr\/\",\"name\":\"RIPREM\",\"description\":\"\",\"publisher\":{\"@id\":\"https:\/\/riprem.net\/fr\/#organization\"},\"potentialAction\":[{\"@type\":\"SearchAction\",\"target\":{\"@type\":\"EntryPoint\",\"urlTemplate\":\"https:\/\/riprem.net\/fr\/?s={search_term_string}\"},\"query-input\":\"required name=search_term_string\"}],\"inLanguage\":\"en-US\"},{\"@type\":\"Organization\",\"@id\":\"https:\/\/riprem.net\/fr\/#organization\",\"name\":\"RIPREM\",\"url\":\"https:\/\/riprem.net\/fr\/\",\"logo\":{\"@type\":\"ImageObject\",\"inLanguage\":\"en-US\",\"@id\":\"https:\/\/riprem.net\/fr\/#\/schema\/logo\/image\/\",\"url\":\"https:\/\/riprem.net\/wp-content\/uploads\/2024\/07\/RIPREM-Logo-transformed.png\",\"contentUrl\":\"https:\/\/riprem.net\/wp-content\/uploads\/2024\/07\/RIPREM-Logo-transformed.png\",\"width\":153,\"height\":90,\"caption\":\"RIPREM\"},\"image\":{\"@id\":\"https:\/\/riprem.net\/fr\/#\/schema\/logo\/image\/\"},\"sameAs\":[\"https:\/\/www.facebook.com\/Riprem.org\/\",\"https:\/\/x.com\/RipremC\"]}]}<\/script>\n<!-- \/ Yoast SEO plugin. -->","yoast_head_json":{"title":"Reines-Meres-Afrique","description":"[et_pb_section fb_built=\"1\" admin_label=\"Header\" _builder_version=\"4.27.0\" _module_preset=\"default\" use_background_color_gradient=\"on\" background_color_gradient_stops=\"rgba(83,43,168,0.43) 0%|rgba(83,43,168,0.43) 100%\" background_color_gradient_overlays_image=\"on\" background_image=\"https:\/\/riprem.net\/wp-content\/uploads\/2024\/07\/IMG-20221213-WA0003-1024x667-1.jpg\" parallax=\"on\" custom_padding=\"8vw||8vw||true|false\" border_width_all=\"5px\" border_color_all=\"#57bb2c\" locked=\"off\" collapsed=\"on\" global_colors_info=\"{}\"][et_pb_row _builder_version=\"4.22.0\" _module_preset=\"default\" global_colors_info=\"{}\"][et_pb_column type=\"4_4\" _builder_version=\"4.22.0\" _module_preset=\"default\" global_colors_info=\"{}\"][et_pb_text _builder_version=\"4.27.0\" _module_preset=\"default\" header_font=\"Manrope|800|||||||\" header_text_align=\"center\" header_text_color=\"#FFFFFF\" header_font_size=\"100px\" global_colors_info=\"{}\" header_3_font=\"Manrope|800|||||||\" header_3_text_align=\"center\" header_3_text_color=\"#FFFFFF\" header_3_font_size=\"50px\" content_last_edited=\"on|phone\" hover_enabled=\"0\" sticky_enabled=\"0\" content_phone=\"Nos Reines M\u00e8res D\u2019Afrique\" content_tablet=\"Nos Reines M\u00e8res D\u2019Afrique\"]Nos Reines M\u00e8res D\u2019Afrique[\/et_pb_text][\/et_pb_column][\/et_pb_row][\/et_pb_section][et_pb_section fb_built=\"1\" _builder_version=\"4.27.0\" _module_preset=\"default\" background_color=\"rgba(221,232,234,0.55)\" collapsed=\"on\"&hellip;","robots":{"index":"index","follow":"follow","max-snippet":"max-snippet:-1","max-image-preview":"max-image-preview:large","max-video-preview":"max-video-preview:-1"},"canonical":"https:\/\/riprem.net\/reines-meres-afrique\/","og_locale":"en_US","og_type":"article","og_title":"Reines-Meres-Afrique","og_description":"[et_pb_section fb_built=\"1\" admin_label=\"Header\" _builder_version=\"4.27.0\" _module_preset=\"default\" use_background_color_gradient=\"on\" background_color_gradient_stops=\"rgba(83,43,168,0.43) 0%|rgba(83,43,168,0.43) 100%\" background_color_gradient_overlays_image=\"on\" background_image=\"https:\/\/riprem.net\/wp-content\/uploads\/2024\/07\/IMG-20221213-WA0003-1024x667-1.jpg\" parallax=\"on\" custom_padding=\"8vw||8vw||true|false\" border_width_all=\"5px\" border_color_all=\"#57bb2c\" locked=\"off\" collapsed=\"on\" global_colors_info=\"{}\"][et_pb_row _builder_version=\"4.22.0\" _module_preset=\"default\" global_colors_info=\"{}\"][et_pb_column type=\"4_4\" _builder_version=\"4.22.0\" _module_preset=\"default\" global_colors_info=\"{}\"][et_pb_text _builder_version=\"4.27.0\" _module_preset=\"default\" header_font=\"Manrope|800|||||||\" header_text_align=\"center\" header_text_color=\"#FFFFFF\" header_font_size=\"100px\" global_colors_info=\"{}\" header_3_font=\"Manrope|800|||||||\" header_3_text_align=\"center\" header_3_text_color=\"#FFFFFF\" header_3_font_size=\"50px\" content_last_edited=\"on|phone\" hover_enabled=\"0\" sticky_enabled=\"0\" content_phone=\"Nos Reines M\u00e8res D\u2019Afrique\" content_tablet=\"Nos Reines M\u00e8res D\u2019Afrique\"]Nos Reines M\u00e8res D\u2019Afrique[\/et_pb_text][\/et_pb_column][\/et_pb_row][\/et_pb_section][et_pb_section fb_built=\"1\" _builder_version=\"4.27.0\" _module_preset=\"default\" background_color=\"rgba(221,232,234,0.55)\" collapsed=\"on\"&hellip;","og_url":"https:\/\/riprem.net\/reines-meres-afrique\/","og_site_name":"riprem","article_publisher":"https:\/\/www.facebook.com\/Riprem.org\/","article_modified_time":"2024-07-28T20:54:14+00:00","og_image":[{"url":"https:\/\/riprem.net\/wp-content\/uploads\/2024\/07\/1f1e8-1f1f2.svg"}],"twitter_card":"summary_large_image","twitter_site":"@RipremC","twitter_misc":{"Est. reading time":"2 minutes"},"schema":{"@context":"https:\/\/schema.org","@graph":[{"@type":"WebPage","@id":"https:\/\/riprem.net\/reines-meres-afrique\/","url":"https:\/\/riprem.net\/reines-meres-afrique\/","name":"Reines-Meres-Afrique - riprem","isPartOf":{"@id":"https:\/\/riprem.net\/fr\/#website"},"primaryImageOfPage":{"@id":"https:\/\/riprem.net\/reines-meres-afrique\/#primaryimage"},"image":{"@id":"https:\/\/riprem.net\/reines-meres-afrique\/#primaryimage"},"thumbnailUrl":"https:\/\/riprem.net\/wp-content\/uploads\/2024\/07\/1f1e8-1f1f2.svg","datePublished":"2024-07-19T03:54:32+00:00","dateModified":"2024-07-28T20:54:14+00:00","breadcrumb":{"@id":"https:\/\/riprem.net\/reines-meres-afrique\/#breadcrumb"},"inLanguage":"en-US","potentialAction":[{"@type":"ReadAction","target":["https:\/\/riprem.net\/reines-meres-afrique\/"]}]},{"@type":"ImageObject","inLanguage":"en-US","@id":"https:\/\/riprem.net\/reines-meres-afrique\/#primaryimage","url":"https:\/\/riprem.net\/wp-content\/uploads\/2024\/07\/1f1e8-1f1f2.svg","contentUrl":"https:\/\/riprem.net\/wp-content\/uploads\/2024\/07\/1f1e8-1f1f2.svg"},{"@type":"BreadcrumbList","@id":"https:\/\/riprem.net\/reines-meres-afrique\/#breadcrumb","itemListElement":[{"@type":"ListItem","position":1,"name":"Accueil","item":"https:\/\/riprem.net\/"},{"@type":"ListItem","position":2,"name":"Reines-Meres-Afrique"}]},{"@type":"WebSite","@id":"https:\/\/riprem.net\/fr\/#website","url":"https:\/\/riprem.net\/fr\/","name":"RIPREM","description":"","publisher":{"@id":"https:\/\/riprem.net\/fr\/#organization"},"potentialAction":[{"@type":"SearchAction","target":{"@type":"EntryPoint","urlTemplate":"https:\/\/riprem.net\/fr\/?s={search_term_string}"},"query-input":"required name=search_term_string"}],"inLanguage":"en-US"},{"@type":"Organization","@id":"https:\/\/riprem.net\/fr\/#organization","name":"RIPREM","url":"https:\/\/riprem.net\/fr\/","logo":{"@type":"ImageObject","inLanguage":"en-US","@id":"https:\/\/riprem.net\/fr\/#\/schema\/logo\/image\/","url":"https:\/\/riprem.net\/wp-content\/uploads\/2024\/07\/RIPREM-Logo-transformed.png","contentUrl":"https:\/\/riprem.net\/wp-content\/uploads\/2024\/07\/RIPREM-Logo-transformed.png","width":153,"height":90,"caption":"RIPREM"},"image":{"@id":"https:\/\/riprem.net\/fr\/#\/schema\/logo\/image\/"},"sameAs":["https:\/\/www.facebook.com\/Riprem.org\/","https:\/\/x.com\/RipremC"]}]}},"_links":{"self":[{"href":"https:\/\/riprem.net\/wp-json\/wp\/v2\/pages\/1200"}],"collection":[{"href":"https:\/\/riprem.net\/wp-json\/wp\/v2\/pages"}],"about":[{"href":"https:\/\/riprem.net\/wp-json\/wp\/v2\/types\/page"}],"author":[{"embeddable":true,"href":"https:\/\/riprem.net\/wp-json\/wp\/v2\/users\/1"}],"replies":[{"embeddable":true,"href":"https:\/\/riprem.net\/wp-json\/wp\/v2\/comments?post=1200"}],"version-history":[{"count":19,"href":"https:\/\/riprem.net\/wp-json\/wp\/v2\/pages\/1200\/revisions"}],"predecessor-version":[{"id":2041,"href":"https:\/\/riprem.net\/wp-json\/wp\/v2\/pages\/1200\/revisions\/2041"}],"wp:attachment":[{"href":"https:\/\/riprem.net\/wp-json\/wp\/v2\/media?parent=1200"}],"curies":[{"name":"wp","href":"https:\/\/api.w.org\/{rel}","templated":true}]}}