{"id":1242,"date":"2024-07-19T06:21:26","date_gmt":"2024-07-19T04:21:26","guid":{"rendered":"https:\/\/riprem.net\/?page_id=1242"},"modified":"2024-07-28T21:58:33","modified_gmt":"2024-07-28T19:58:33","slug":"reines-meres-europe","status":"publish","type":"page","link":"https:\/\/riprem.net\/reines-meres-europe\/","title":{"rendered":"Reines-Meres-Europe"},"content":{"rendered":"<p>[et_pb_section fb_built=&#8221;1&#8243; admin_label=&#8221;Header&#8221; _builder_version=&#8221;4.27.0&#8243; _module_preset=&#8221;default&#8221; use_background_color_gradient=&#8221;on&#8221; background_color_gradient_stops=&#8221;rgba(83,43,168,0.43) 0%|rgba(83,43,168,0.43) 100%&#8221; background_color_gradient_overlays_image=&#8221;on&#8221; background_image=&#8221;https:\/\/riprem.net\/wp-content\/uploads\/2024\/07\/IMG-20221213-WA0003-1024&#215;667-1.jpg&#8221; parallax=&#8221;on&#8221; custom_padding=&#8221;8vw||8vw||true|false&#8221; border_width_all=&#8221;5px&#8221; border_color_all=&#8221;#57bb2c&#8221; locked=&#8221;off&#8221; collapsed=&#8221;on&#8221; global_colors_info=&#8221;{}&#8221;][et_pb_row _builder_version=&#8221;4.22.0&#8243; _module_preset=&#8221;default&#8221; global_colors_info=&#8221;{}&#8221;][et_pb_column type=&#8221;4_4&#8243; _builder_version=&#8221;4.22.0&#8243; _module_preset=&#8221;default&#8221; global_colors_info=&#8221;{}&#8221;][et_pb_text _builder_version=&#8221;4.27.0&#8243; _module_preset=&#8221;default&#8221; header_font=&#8221;Manrope|800|||||||&#8221; header_text_align=&#8221;center&#8221; header_text_color=&#8221;#FFFFFF&#8221; header_font_size=&#8221;100px&#8221; global_colors_info=&#8221;{}&#8221; header_3_font=&#8221;Manrope|800|||||||&#8221; header_3_text_align=&#8221;center&#8221; header_3_text_color=&#8221;#FFFFFF&#8221; header_3_font_size=&#8221;50px&#8221; content_last_edited=&#8221;on|desktop&#8221; hover_enabled=&#8221;0&#8243; sticky_enabled=&#8221;0&#8243; content_phone=&#8221;<\/p>\n<h3 class=%22elementor-heading-title elementor-size-default%22>Nos Reines M\u00e8res D\u2019Europe<\/h3>\n<p>&#8221; content_tablet=&#8221;<\/p>\n<h1 class=%22elementor-heading-title elementor-size-default%22>Nos Reines M\u00e8res D\u2019Europe<\/h1>\n<p>&#8220;]<\/p>\n<h1 class=\"elementor-heading-title elementor-size-default\">Nos Reines M\u00e8res D\u2019Europe<\/h1>\n<p>[\/et_pb_text][\/et_pb_column][\/et_pb_row][\/et_pb_section][et_pb_section fb_built=&#8221;1&#8243; _builder_version=&#8221;4.27.0&#8243; _module_preset=&#8221;default&#8221; background_color=&#8221;rgba(221,232,234,0.55)&#8221; collapsed=&#8221;on&#8221; global_colors_info=&#8221;{}&#8221; custom_padding=&#8221;||37px|||&#8221;][et_pb_row _builder_version=&#8221;4.27.0&#8243; _module_preset=&#8221;default&#8221; global_colors_info=&#8221;{}&#8221;][et_pb_column type=&#8221;4_4&#8243; _builder_version=&#8221;4.27.0&#8243; _module_preset=&#8221;default&#8221; global_colors_info=&#8221;{}&#8221;][et_pb_text _builder_version=&#8221;4.27.0&#8243; _module_preset=&#8221;default&#8221; header_2_font=&#8221;Manrope|800|||||||&#8221; header_2_text_align=&#8221;center&#8221; header_2_text_color=&#8221;#101010&#8243; header_2_font_size=&#8221;45px&#8221; global_colors_info=&#8221;{}&#8221; header_2_font_size_phone=&#8221;30px&#8221; header_2_font_size_last_edited=&#8221;on|phone&#8221; custom_margin=&#8221;||8px|||&#8221; header_2_font_size_tablet=&#8221;45px&#8221;]<\/p>\n<h2 class=\"ekit-heading--title elementskit-section-title \">Leadership<span> <\/span><em><span style=\"color: #57bb2c;\">Europ\u00e9en <\/span><\/em>Engag\u00e9<\/h2>\n<h2 class=\"ekit-heading--title elementskit-section-title \"><span> <a href=\"https:\/\/riprem.net\/wp-content\/uploads\/2024\/07\/1f1e8-1f1ed.svg\"><img loading=\"lazy\" decoding=\"async\" src=\"https:\/\/riprem.net\/wp-content\/uploads\/2024\/07\/1f1e8-1f1ed.svg\" width=\"51\" height=\"51\" alt=\"\" class=\"wp-image-1428 alignnone size-full\" \/><\/a> <img loading=\"lazy\" decoding=\"async\" src=\"https:\/\/riprem.net\/wp-content\/uploads\/2024\/07\/1f1ee-1f1f9.svg\" width=\"48\" height=\"48\" alt=\"\" class=\"wp-image-1429 alignnone size-medium\" \/> <img loading=\"lazy\" decoding=\"async\" src=\"https:\/\/riprem.net\/wp-content\/uploads\/2024\/07\/1f1ec-1f1e7.svg\" width=\"48\" height=\"48\" alt=\"\" class=\"wp-image-1430 alignnone size-medium\" \/> <img loading=\"lazy\" decoding=\"async\" src=\"https:\/\/riprem.net\/wp-content\/uploads\/2024\/07\/1f1e9-1f1ea.svg\" width=\"50\" height=\"50\" alt=\"\" class=\"wp-image-1431 alignnone size-medium\" \/> <img loading=\"lazy\" decoding=\"async\" src=\"https:\/\/riprem.net\/wp-content\/uploads\/2024\/07\/1f1e7-1f1ea.svg\" width=\"51\" height=\"51\" alt=\"\" class=\"wp-image-1432 alignnone size-medium\" \/> <img loading=\"lazy\" decoding=\"async\" src=\"https:\/\/riprem.net\/wp-content\/uploads\/2024\/07\/1f1eb-1f1f7.svg\" width=\"51\" height=\"51\" alt=\"\" class=\"wp-image-1433 alignnone size-medium\" \/><\/span><em><\/em><\/h2>\n<p>[\/et_pb_text][et_pb_text _builder_version=&#8221;4.27.0&#8243; _module_preset=&#8221;default&#8221; text_font=&#8221;Manrope|600|||||||&#8221; text_font_size=&#8221;16px&#8221; text_orientation=&#8221;center&#8221; width=&#8221;60%&#8221; max_width=&#8221;60%&#8221; module_alignment=&#8221;center&#8221; global_colors_info=&#8221;{}&#8221;]<\/p>\n<p><span>D\u00e9couvrez nos\u00a0<\/span><span style=\"color: #000000;\"><strong>Reines-M\u00e8res d&#8217;Europe<\/strong><\/span><span>, des figures influentes qui s&#8217;engagent \u00e0 promouvoir la solidarit\u00e9, la diversit\u00e9 culturelle et le progr\u00e8s social dans leurs r\u00e9gions respectives. Leur d\u00e9vouement enrichit nos communaut\u00e9s.<\/span><\/p>\n<p>[\/et_pb_text][\/et_pb_column][\/et_pb_row][\/et_pb_section][et_pb_section fb_built=&#8221;1&#8243; _builder_version=&#8221;4.27.0&#8243; _module_preset=&#8221;default&#8221; custom_padding=&#8221;0px||||false|false&#8221; collapsed=&#8221;on&#8221; global_colors_info=&#8221;{}&#8221;][et_pb_row _builder_version=&#8221;4.27.0&#8243; _module_preset=&#8221;default&#8221; width=&#8221;90%&#8221; max_width=&#8221;2560px&#8221; global_colors_info=&#8221;{}&#8221;][et_pb_column type=&#8221;4_4&#8243; _builder_version=&#8221;4.27.0&#8243; _module_preset=&#8221;default&#8221; global_colors_info=&#8221;{}&#8221;][et_pb_gallery gallery_ids=&#8221;1478,1477,1476,1475,1473,1471,1470,1469,1467,1465,1464,1463,1462,1460,1458,1456,1455,1453,1452,1450,1448,1446,1445,1444,1443,1442,1441,1440,1439&#8243; posts_number=&#8221;40&#8243; orientation=&#8221;portrait&#8221; show_title_and_caption=&#8221;off&#8221; show_pagination=&#8221;off&#8221; zoom_icon_color=&#8221;RGBA(255,255,255,0)&#8221; hover_overlay_color=&#8221;RGBA(255,255,255,0)&#8221; _builder_version=&#8221;4.27.0&#8243; _module_preset=&#8221;default&#8221; border_width_all=&#8221;3px&#8221; border_color_all=&#8221;#57bb2c&#8221; global_colors_info=&#8221;{}&#8221;][\/et_pb_gallery][\/et_pb_column][\/et_pb_row][\/et_pb_section]<\/p>\n","protected":false},"excerpt":{"rendered":"<p>Nos Reines M\u00e8res D\u2019EuropeLeadership Europ\u00e9en Engag\u00e9 D\u00e9couvrez nos\u00a0Reines-M\u00e8res d&#8217;Europe, des figures influentes qui s&#8217;engagent \u00e0 promouvoir la solidarit\u00e9, la diversit\u00e9 culturelle et le progr\u00e8s social dans leurs r\u00e9gions respectives. Leur d\u00e9vouement enrichit nos communaut\u00e9s.<\/p>\n","protected":false},"author":1,"featured_media":0,"parent":0,"menu_order":0,"comment_status":"closed","ping_status":"closed","template":"","meta":{"_et_pb_use_builder":"on","_et_pb_old_content":"","_et_gb_content_width":"","footnotes":""},"class_list":["post-1242","page","type-page","status-publish","hentry"],"yoast_head":"<!-- This site is optimized with the Yoast SEO plugin v23.1 - https:\/\/yoast.com\/wordpress\/plugins\/seo\/ -->\n<title>Reines-Meres-Europe<\/title>\n<meta name=\"description\" content=\"[et_pb_section fb_built=&quot;1&quot; admin_label=&quot;Header&quot; _builder_version=&quot;4.27.0&quot; _module_preset=&quot;default&quot; use_background_color_gradient=&quot;on&quot; background_color_gradient_stops=&quot;rgba(83,43,168,0.43) 0%|rgba(83,43,168,0.43) 100%&quot; background_color_gradient_overlays_image=&quot;on&quot; background_image=&quot;https:\/\/riprem.net\/wp-content\/uploads\/2024\/07\/IMG-20221213-WA0003-1024x667-1.jpg&quot; parallax=&quot;on&quot; custom_padding=&quot;8vw||8vw||true|false&quot; border_width_all=&quot;5px&quot; border_color_all=&quot;#57bb2c&quot; locked=&quot;off&quot; collapsed=&quot;on&quot; global_colors_info=&quot;{}&quot;][et_pb_row _builder_version=&quot;4.22.0&quot; _module_preset=&quot;default&quot; global_colors_info=&quot;{}&quot;][et_pb_column type=&quot;4_4&quot; _builder_version=&quot;4.22.0&quot; _module_preset=&quot;default&quot; global_colors_info=&quot;{}&quot;][et_pb_text _builder_version=&quot;4.27.0&quot; _module_preset=&quot;default&quot; header_font=&quot;Manrope|800|||||||&quot; header_text_align=&quot;center&quot; header_text_color=&quot;#FFFFFF&quot; header_font_size=&quot;100px&quot; global_colors_info=&quot;{}&quot; header_3_font=&quot;Manrope|800|||||||&quot; header_3_text_align=&quot;center&quot; header_3_text_color=&quot;#FFFFFF&quot; header_3_font_size=&quot;50px&quot; content_last_edited=&quot;on|desktop&quot; hover_enabled=&quot;0&quot; sticky_enabled=&quot;0&quot; content_phone=&quot;Nos Reines M\u00e8res D\u2019Europe&quot; content_tablet=&quot;Nos Reines M\u00e8res D\u2019Europe&quot;]Nos Reines M\u00e8res D\u2019Europe[\/et_pb_text][\/et_pb_column][\/et_pb_row][\/et_pb_section][et_pb_section fb_built=&quot;1&quot; _builder_version=&quot;4.27.0&quot; _module_preset=&quot;default&quot; background_color=&quot;rgba(221,232,234,0.55)&quot; collapsed=&quot;on&quot;&hellip;\" \/>\n<meta name=\"robots\" content=\"index, follow, max-snippet:-1, max-image-preview:large, max-video-preview:-1\" \/>\n<link rel=\"canonical\" href=\"https:\/\/riprem.net\/reines-meres-europe\/\" \/>\n<meta property=\"og:locale\" content=\"en_US\" \/>\n<meta property=\"og:type\" content=\"article\" \/>\n<meta property=\"og:title\" content=\"Reines-Meres-Europe\" \/>\n<meta property=\"og:description\" content=\"[et_pb_section fb_built=&quot;1&quot; admin_label=&quot;Header&quot; _builder_version=&quot;4.27.0&quot; _module_preset=&quot;default&quot; use_background_color_gradient=&quot;on&quot; background_color_gradient_stops=&quot;rgba(83,43,168,0.43) 0%|rgba(83,43,168,0.43) 100%&quot; background_color_gradient_overlays_image=&quot;on&quot; background_image=&quot;https:\/\/riprem.net\/wp-content\/uploads\/2024\/07\/IMG-20221213-WA0003-1024x667-1.jpg&quot; parallax=&quot;on&quot; custom_padding=&quot;8vw||8vw||true|false&quot; border_width_all=&quot;5px&quot; border_color_all=&quot;#57bb2c&quot; locked=&quot;off&quot; collapsed=&quot;on&quot; global_colors_info=&quot;{}&quot;][et_pb_row _builder_version=&quot;4.22.0&quot; _module_preset=&quot;default&quot; global_colors_info=&quot;{}&quot;][et_pb_column type=&quot;4_4&quot; _builder_version=&quot;4.22.0&quot; _module_preset=&quot;default&quot; global_colors_info=&quot;{}&quot;][et_pb_text _builder_version=&quot;4.27.0&quot; _module_preset=&quot;default&quot; header_font=&quot;Manrope|800|||||||&quot; header_text_align=&quot;center&quot; header_text_color=&quot;#FFFFFF&quot; header_font_size=&quot;100px&quot; global_colors_info=&quot;{}&quot; header_3_font=&quot;Manrope|800|||||||&quot; header_3_text_align=&quot;center&quot; header_3_text_color=&quot;#FFFFFF&quot; header_3_font_size=&quot;50px&quot; content_last_edited=&quot;on|desktop&quot; hover_enabled=&quot;0&quot; sticky_enabled=&quot;0&quot; content_phone=&quot;Nos Reines M\u00e8res D\u2019Europe&quot; content_tablet=&quot;Nos Reines M\u00e8res D\u2019Europe&quot;]Nos Reines M\u00e8res D\u2019Europe[\/et_pb_text][\/et_pb_column][\/et_pb_row][\/et_pb_section][et_pb_section fb_built=&quot;1&quot; _builder_version=&quot;4.27.0&quot; _module_preset=&quot;default&quot; background_color=&quot;rgba(221,232,234,0.55)&quot; collapsed=&quot;on&quot;&hellip;\" \/>\n<meta property=\"og:url\" content=\"https:\/\/riprem.net\/reines-meres-europe\/\" \/>\n<meta property=\"og:site_name\" content=\"riprem\" \/>\n<meta property=\"article:publisher\" content=\"https:\/\/www.facebook.com\/Riprem.org\/\" \/>\n<meta property=\"article:modified_time\" content=\"2024-07-28T19:58:33+00:00\" \/>\n<meta property=\"og:image\" content=\"https:\/\/riprem.net\/wp-content\/uploads\/2024\/07\/1f1e8-1f1ed.svg\" \/>\n<meta name=\"twitter:card\" content=\"summary_large_image\" \/>\n<meta name=\"twitter:site\" content=\"@RipremC\" \/>\n<meta name=\"twitter:label1\" content=\"Est. reading time\" \/>\n\t<meta name=\"twitter:data1\" content=\"2 minutes\" \/>\n<script type=\"application\/ld+json\" class=\"yoast-schema-graph\">{\"@context\":\"https:\/\/schema.org\",\"@graph\":[{\"@type\":\"WebPage\",\"@id\":\"https:\/\/riprem.net\/reines-meres-europe\/\",\"url\":\"https:\/\/riprem.net\/reines-meres-europe\/\",\"name\":\"Reines-Meres-Europe - riprem\",\"isPartOf\":{\"@id\":\"https:\/\/riprem.net\/fr\/#website\"},\"primaryImageOfPage\":{\"@id\":\"https:\/\/riprem.net\/reines-meres-europe\/#primaryimage\"},\"image\":{\"@id\":\"https:\/\/riprem.net\/reines-meres-europe\/#primaryimage\"},\"thumbnailUrl\":\"https:\/\/riprem.net\/wp-content\/uploads\/2024\/07\/1f1e8-1f1ed.svg\",\"datePublished\":\"2024-07-19T04:21:26+00:00\",\"dateModified\":\"2024-07-28T19:58:33+00:00\",\"breadcrumb\":{\"@id\":\"https:\/\/riprem.net\/reines-meres-europe\/#breadcrumb\"},\"inLanguage\":\"en-US\",\"potentialAction\":[{\"@type\":\"ReadAction\",\"target\":[\"https:\/\/riprem.net\/reines-meres-europe\/\"]}]},{\"@type\":\"ImageObject\",\"inLanguage\":\"en-US\",\"@id\":\"https:\/\/riprem.net\/reines-meres-europe\/#primaryimage\",\"url\":\"https:\/\/riprem.net\/wp-content\/uploads\/2024\/07\/1f1e8-1f1ed.svg\",\"contentUrl\":\"https:\/\/riprem.net\/wp-content\/uploads\/2024\/07\/1f1e8-1f1ed.svg\"},{\"@type\":\"BreadcrumbList\",\"@id\":\"https:\/\/riprem.net\/reines-meres-europe\/#breadcrumb\",\"itemListElement\":[{\"@type\":\"ListItem\",\"position\":1,\"name\":\"Accueil\",\"item\":\"https:\/\/riprem.net\/\"},{\"@type\":\"ListItem\",\"position\":2,\"name\":\"Reines-Meres-Europe\"}]},{\"@type\":\"WebSite\",\"@id\":\"https:\/\/riprem.net\/fr\/#website\",\"url\":\"https:\/\/riprem.net\/fr\/\",\"name\":\"RIPREM\",\"description\":\"\",\"publisher\":{\"@id\":\"https:\/\/riprem.net\/fr\/#organization\"},\"potentialAction\":[{\"@type\":\"SearchAction\",\"target\":{\"@type\":\"EntryPoint\",\"urlTemplate\":\"https:\/\/riprem.net\/fr\/?s={search_term_string}\"},\"query-input\":\"required name=search_term_string\"}],\"inLanguage\":\"en-US\"},{\"@type\":\"Organization\",\"@id\":\"https:\/\/riprem.net\/fr\/#organization\",\"name\":\"RIPREM\",\"url\":\"https:\/\/riprem.net\/fr\/\",\"logo\":{\"@type\":\"ImageObject\",\"inLanguage\":\"en-US\",\"@id\":\"https:\/\/riprem.net\/fr\/#\/schema\/logo\/image\/\",\"url\":\"https:\/\/riprem.net\/wp-content\/uploads\/2024\/07\/RIPREM-Logo-transformed.png\",\"contentUrl\":\"https:\/\/riprem.net\/wp-content\/uploads\/2024\/07\/RIPREM-Logo-transformed.png\",\"width\":153,\"height\":90,\"caption\":\"RIPREM\"},\"image\":{\"@id\":\"https:\/\/riprem.net\/fr\/#\/schema\/logo\/image\/\"},\"sameAs\":[\"https:\/\/www.facebook.com\/Riprem.org\/\",\"https:\/\/x.com\/RipremC\"]}]}<\/script>\n<!-- \/ Yoast SEO plugin. -->","yoast_head_json":{"title":"Reines-Meres-Europe","description":"[et_pb_section fb_built=\"1\" admin_label=\"Header\" _builder_version=\"4.27.0\" _module_preset=\"default\" use_background_color_gradient=\"on\" background_color_gradient_stops=\"rgba(83,43,168,0.43) 0%|rgba(83,43,168,0.43) 100%\" background_color_gradient_overlays_image=\"on\" background_image=\"https:\/\/riprem.net\/wp-content\/uploads\/2024\/07\/IMG-20221213-WA0003-1024x667-1.jpg\" parallax=\"on\" custom_padding=\"8vw||8vw||true|false\" border_width_all=\"5px\" border_color_all=\"#57bb2c\" locked=\"off\" collapsed=\"on\" global_colors_info=\"{}\"][et_pb_row _builder_version=\"4.22.0\" _module_preset=\"default\" global_colors_info=\"{}\"][et_pb_column type=\"4_4\" _builder_version=\"4.22.0\" _module_preset=\"default\" global_colors_info=\"{}\"][et_pb_text _builder_version=\"4.27.0\" _module_preset=\"default\" header_font=\"Manrope|800|||||||\" header_text_align=\"center\" header_text_color=\"#FFFFFF\" header_font_size=\"100px\" global_colors_info=\"{}\" header_3_font=\"Manrope|800|||||||\" header_3_text_align=\"center\" header_3_text_color=\"#FFFFFF\" header_3_font_size=\"50px\" content_last_edited=\"on|desktop\" hover_enabled=\"0\" sticky_enabled=\"0\" content_phone=\"Nos Reines M\u00e8res D\u2019Europe\" content_tablet=\"Nos Reines M\u00e8res D\u2019Europe\"]Nos Reines M\u00e8res D\u2019Europe[\/et_pb_text][\/et_pb_column][\/et_pb_row][\/et_pb_section][et_pb_section fb_built=\"1\" _builder_version=\"4.27.0\" _module_preset=\"default\" background_color=\"rgba(221,232,234,0.55)\" collapsed=\"on\"&hellip;","robots":{"index":"index","follow":"follow","max-snippet":"max-snippet:-1","max-image-preview":"max-image-preview:large","max-video-preview":"max-video-preview:-1"},"canonical":"https:\/\/riprem.net\/reines-meres-europe\/","og_locale":"en_US","og_type":"article","og_title":"Reines-Meres-Europe","og_description":"[et_pb_section fb_built=\"1\" admin_label=\"Header\" _builder_version=\"4.27.0\" _module_preset=\"default\" use_background_color_gradient=\"on\" background_color_gradient_stops=\"rgba(83,43,168,0.43) 0%|rgba(83,43,168,0.43) 100%\" background_color_gradient_overlays_image=\"on\" background_image=\"https:\/\/riprem.net\/wp-content\/uploads\/2024\/07\/IMG-20221213-WA0003-1024x667-1.jpg\" parallax=\"on\" custom_padding=\"8vw||8vw||true|false\" border_width_all=\"5px\" border_color_all=\"#57bb2c\" locked=\"off\" collapsed=\"on\" global_colors_info=\"{}\"][et_pb_row _builder_version=\"4.22.0\" _module_preset=\"default\" global_colors_info=\"{}\"][et_pb_column type=\"4_4\" _builder_version=\"4.22.0\" _module_preset=\"default\" global_colors_info=\"{}\"][et_pb_text _builder_version=\"4.27.0\" _module_preset=\"default\" header_font=\"Manrope|800|||||||\" header_text_align=\"center\" header_text_color=\"#FFFFFF\" header_font_size=\"100px\" global_colors_info=\"{}\" header_3_font=\"Manrope|800|||||||\" header_3_text_align=\"center\" header_3_text_color=\"#FFFFFF\" header_3_font_size=\"50px\" content_last_edited=\"on|desktop\" hover_enabled=\"0\" sticky_enabled=\"0\" content_phone=\"Nos Reines M\u00e8res D\u2019Europe\" content_tablet=\"Nos Reines M\u00e8res D\u2019Europe\"]Nos Reines M\u00e8res D\u2019Europe[\/et_pb_text][\/et_pb_column][\/et_pb_row][\/et_pb_section][et_pb_section fb_built=\"1\" _builder_version=\"4.27.0\" _module_preset=\"default\" background_color=\"rgba(221,232,234,0.55)\" collapsed=\"on\"&hellip;","og_url":"https:\/\/riprem.net\/reines-meres-europe\/","og_site_name":"riprem","article_publisher":"https:\/\/www.facebook.com\/Riprem.org\/","article_modified_time":"2024-07-28T19:58:33+00:00","og_image":[{"url":"https:\/\/riprem.net\/wp-content\/uploads\/2024\/07\/1f1e8-1f1ed.svg"}],"twitter_card":"summary_large_image","twitter_site":"@RipremC","twitter_misc":{"Est. reading time":"2 minutes"},"schema":{"@context":"https:\/\/schema.org","@graph":[{"@type":"WebPage","@id":"https:\/\/riprem.net\/reines-meres-europe\/","url":"https:\/\/riprem.net\/reines-meres-europe\/","name":"Reines-Meres-Europe - riprem","isPartOf":{"@id":"https:\/\/riprem.net\/fr\/#website"},"primaryImageOfPage":{"@id":"https:\/\/riprem.net\/reines-meres-europe\/#primaryimage"},"image":{"@id":"https:\/\/riprem.net\/reines-meres-europe\/#primaryimage"},"thumbnailUrl":"https:\/\/riprem.net\/wp-content\/uploads\/2024\/07\/1f1e8-1f1ed.svg","datePublished":"2024-07-19T04:21:26+00:00","dateModified":"2024-07-28T19:58:33+00:00","breadcrumb":{"@id":"https:\/\/riprem.net\/reines-meres-europe\/#breadcrumb"},"inLanguage":"en-US","potentialAction":[{"@type":"ReadAction","target":["https:\/\/riprem.net\/reines-meres-europe\/"]}]},{"@type":"ImageObject","inLanguage":"en-US","@id":"https:\/\/riprem.net\/reines-meres-europe\/#primaryimage","url":"https:\/\/riprem.net\/wp-content\/uploads\/2024\/07\/1f1e8-1f1ed.svg","contentUrl":"https:\/\/riprem.net\/wp-content\/uploads\/2024\/07\/1f1e8-1f1ed.svg"},{"@type":"BreadcrumbList","@id":"https:\/\/riprem.net\/reines-meres-europe\/#breadcrumb","itemListElement":[{"@type":"ListItem","position":1,"name":"Accueil","item":"https:\/\/riprem.net\/"},{"@type":"ListItem","position":2,"name":"Reines-Meres-Europe"}]},{"@type":"WebSite","@id":"https:\/\/riprem.net\/fr\/#website","url":"https:\/\/riprem.net\/fr\/","name":"RIPREM","description":"","publisher":{"@id":"https:\/\/riprem.net\/fr\/#organization"},"potentialAction":[{"@type":"SearchAction","target":{"@type":"EntryPoint","urlTemplate":"https:\/\/riprem.net\/fr\/?s={search_term_string}"},"query-input":"required name=search_term_string"}],"inLanguage":"en-US"},{"@type":"Organization","@id":"https:\/\/riprem.net\/fr\/#organization","name":"RIPREM","url":"https:\/\/riprem.net\/fr\/","logo":{"@type":"ImageObject","inLanguage":"en-US","@id":"https:\/\/riprem.net\/fr\/#\/schema\/logo\/image\/","url":"https:\/\/riprem.net\/wp-content\/uploads\/2024\/07\/RIPREM-Logo-transformed.png","contentUrl":"https:\/\/riprem.net\/wp-content\/uploads\/2024\/07\/RIPREM-Logo-transformed.png","width":153,"height":90,"caption":"RIPREM"},"image":{"@id":"https:\/\/riprem.net\/fr\/#\/schema\/logo\/image\/"},"sameAs":["https:\/\/www.facebook.com\/Riprem.org\/","https:\/\/x.com\/RipremC"]}]}},"_links":{"self":[{"href":"https:\/\/riprem.net\/wp-json\/wp\/v2\/pages\/1242"}],"collection":[{"href":"https:\/\/riprem.net\/wp-json\/wp\/v2\/pages"}],"about":[{"href":"https:\/\/riprem.net\/wp-json\/wp\/v2\/types\/page"}],"author":[{"embeddable":true,"href":"https:\/\/riprem.net\/wp-json\/wp\/v2\/users\/1"}],"replies":[{"embeddable":true,"href":"https:\/\/riprem.net\/wp-json\/wp\/v2\/comments?post=1242"}],"version-history":[{"count":10,"href":"https:\/\/riprem.net\/wp-json\/wp\/v2\/pages\/1242\/revisions"}],"predecessor-version":[{"id":2065,"href":"https:\/\/riprem.net\/wp-json\/wp\/v2\/pages\/1242\/revisions\/2065"}],"wp:attachment":[{"href":"https:\/\/riprem.net\/wp-json\/wp\/v2\/media?parent=1242"}],"curies":[{"name":"wp","href":"https:\/\/api.w.org\/{rel}","templated":true}]}}