{"id":1849,"date":"2024-07-23T09:42:11","date_gmt":"2024-07-23T07:42:11","guid":{"rendered":"https:\/\/riprem.net\/?page_id=1849"},"modified":"2026-03-12T13:13:23","modified_gmt":"2026-03-12T12:13:23","slug":"les-medias-en-parlent","status":"publish","type":"page","link":"https:\/\/riprem.net\/les-medias-en-parlent\/","title":{"rendered":"Les m\u00e9dias en parlent"},"content":{"rendered":"<p>[et_pb_section fb_built=&#8221;1&#8243; admin_label=&#8221;Header&#8221; _builder_version=&#8221;4.27.0&#8243; _module_preset=&#8221;default&#8221; use_background_color_gradient=&#8221;on&#8221; background_color_gradient_stops=&#8221;rgba(83,43,168,0.43) 0%|rgba(83,43,168,0.43) 100%&#8221; background_color_gradient_overlays_image=&#8221;on&#8221; background_image=&#8221;https:\/\/riprem.net\/wp-content\/uploads\/2024\/07\/IMG-20221213-WA0003-1024&#215;667-1.jpg&#8221; parallax=&#8221;on&#8221; custom_padding=&#8221;8vw||8vw||true|false&#8221; border_width_all=&#8221;5px&#8221; border_color_all=&#8221;#57bb2c&#8221; locked=&#8221;off&#8221; collapsed=&#8221;on&#8221; global_colors_info=&#8221;{}&#8221;][et_pb_row _builder_version=&#8221;4.22.0&#8243; _module_preset=&#8221;default&#8221; global_colors_info=&#8221;{}&#8221;][et_pb_column type=&#8221;4_4&#8243; _builder_version=&#8221;4.22.0&#8243; _module_preset=&#8221;default&#8221; global_colors_info=&#8221;{}&#8221;][et_pb_text content_tablet=&#8221;<\/p>\n<h1 class=%22elementor-heading-title elementor-size-default%22>Les m\u00e9dias en parlent<\/h1>\n<p>&#8221; content_phone=&#8221;<\/p>\n<h3 class=%22elementor-heading-title elementor-size-default%22>Les m\u00e9dias en parlent<\/h3>\n<p>&#8221; content_last_edited=&#8221;on|phone&#8221; _builder_version=&#8221;4.27.0&#8243; _module_preset=&#8221;default&#8221; header_font=&#8221;Manrope|800|||||||&#8221; header_text_align=&#8221;center&#8221; header_text_color=&#8221;#FFFFFF&#8221; header_font_size=&#8221;90px&#8221; header_3_font=&#8221;Manrope|800|||||||&#8221; header_3_text_color=&#8221;#FFFFFF&#8221; header_3_font_size=&#8221;45px&#8221; text_orientation=&#8221;center&#8221; header_font_size_tablet=&#8221;50px&#8221; header_font_size_phone=&#8221;30px&#8221; header_font_size_last_edited=&#8221;on|tablet&#8221; header_3_text_color_tablet=&#8221;#FFFFFF&#8221; header_3_text_color_phone=&#8221;#FFFFFF&#8221; header_3_text_color_last_edited=&#8221;on|phone&#8221; global_colors_info=&#8221;{}&#8221;]<\/p>\n<h1 class=\"elementor-heading-title elementor-size-default\">Les m\u00e9dias en parlent<\/h1>\n<p>[\/et_pb_text][\/et_pb_column][\/et_pb_row][\/et_pb_section][et_pb_section fb_built=&#8221;1&#8243; _builder_version=&#8221;4.27.0&#8243; _module_preset=&#8221;default&#8221; custom_padding=&#8221;33px|||||&#8221; global_colors_info=&#8221;{}&#8221;][et_pb_row _builder_version=&#8221;4.27.0&#8243; _module_preset=&#8221;default&#8221; global_colors_info=&#8221;{}&#8221;][et_pb_column type=&#8221;4_4&#8243; _builder_version=&#8221;4.27.0&#8243; _module_preset=&#8221;default&#8221; global_colors_info=&#8221;{}&#8221;][et_pb_text _builder_version=&#8221;4.27.0&#8243; _module_preset=&#8221;default&#8221; text_font=&#8221;|700|||||||&#8221; text_text_color=&#8221;#000000&#8243; text_font_size=&#8221;42px&#8221; text_orientation=&#8221;center&#8221; text_font_size_tablet=&#8221;25px&#8221; text_font_size_phone=&#8221;25px&#8221; text_font_size_last_edited=&#8221;on|phone&#8221; text_text_shadow_style=&#8221;preset1&#8243; text_text_shadow_color=&#8221;#FFFFFF&#8221; locked=&#8221;off&#8221; global_colors_info=&#8221;{}&#8221;]Suivez l&#8217;actualit\u00e9 des m\u00e9dias sur le<span style=\"color: #57BB2C;\"> RIPREM<\/span>[\/et_pb_text][\/et_pb_column][\/et_pb_row][et_pb_row _builder_version=&#8221;4.27.0&#8243; _module_preset=&#8221;default&#8221; custom_padding=&#8221;5px|||||&#8221; global_colors_info=&#8221;{}&#8221;][et_pb_column type=&#8221;4_4&#8243; _builder_version=&#8221;4.27.0&#8243; _module_preset=&#8221;default&#8221; global_colors_info=&#8221;{}&#8221;][wdc_image_carousel slide_count=&#8221;1&#8243; slide_count_tablet=&#8221;1&#8243; slide_count_phone=&#8221;1&#8243; slide_count_last_edited=&#8221;on|desktop&#8221; _builder_version=&#8221;4.27.0&#8243; _module_preset=&#8221;default&#8221; width=&#8221;100%&#8221; max_width=&#8221;100%&#8221; module_alignment=&#8221;center&#8221; hover_enabled=&#8221;0&#8243; global_colors_info=&#8221;{}&#8221; sticky_enabled=&#8221;0&#8243;][wdc_image_carousel_child photo=&#8221;https:\/\/riprem.net\/wp-content\/uploads\/2026\/03\/RIPREM-MEDIA-00.jpeg&#8221; _builder_version=&#8221;4.27.0&#8243; _module_preset=&#8221;default&#8221; link_option_url=&#8221;@ET-DC@eyJkeW5hbWljIjp0cnVlLCJjb250ZW50IjoicG9zdF9saW5rX3VybF9hdHRhY2htZW50Iiwic2V0dGluZ3MiOnsicG9zdF9pZCI6IjI1NDcifX0=@&#8221; link_option_url_new_window=&#8221;on&#8221; hover_enabled=&#8221;0&#8243; global_colors_info=&#8221;{}&#8221; title_text=&#8221;RIPREM-MEDIA-00&#8243; _dynamic_attributes=&#8221;link_option_url&#8221; sticky_enabled=&#8221;0&#8243;][\/wdc_image_carousel_child][wdc_image_carousel_child photo=&#8221;https:\/\/riprem.net\/wp-content\/uploads\/2026\/03\/RIPREM-MEDIA-01.jpeg&#8221; _builder_version=&#8221;4.27.0&#8243; _module_preset=&#8221;default&#8221; link_option_url=&#8221;@ET-DC@eyJkeW5hbWljIjp0cnVlLCJjb250ZW50IjoicG9zdF9saW5rX3VybF9hdHRhY2htZW50Iiwic2V0dGluZ3MiOnsicG9zdF9pZCI6IjI1NDYifX0=@&#8221; link_option_url_new_window=&#8221;on&#8221; hover_enabled=&#8221;0&#8243; global_colors_info=&#8221;{}&#8221; title_text=&#8221;RIPREM-MEDIA-01&#8243; _dynamic_attributes=&#8221;link_option_url&#8221; sticky_enabled=&#8221;0&#8243;][\/wdc_image_carousel_child][wdc_image_carousel_child photo=&#8221;https:\/\/riprem.net\/wp-content\/uploads\/2026\/03\/RIPREM-MEDIA-02.jpeg&#8221; _builder_version=&#8221;4.27.0&#8243; _module_preset=&#8221;default&#8221; link_option_url=&#8221;@ET-DC@eyJkeW5hbWljIjp0cnVlLCJjb250ZW50IjoicG9zdF9saW5rX3VybF9hdHRhY2htZW50Iiwic2V0dGluZ3MiOnsicG9zdF9pZCI6IjI1NDQifX0=@&#8221; link_option_url_new_window=&#8221;on&#8221; hover_enabled=&#8221;0&#8243; global_colors_info=&#8221;{}&#8221; title_text=&#8221;RIPREM-MEDIA-02&#8243; _dynamic_attributes=&#8221;link_option_url&#8221; sticky_enabled=&#8221;0&#8243;][\/wdc_image_carousel_child][wdc_image_carousel_child photo=&#8221;https:\/\/riprem.net\/wp-content\/uploads\/2024\/08\/La-Riposte0824.jpeg&#8221; _builder_version=&#8221;4.27.0&#8243; _module_preset=&#8221;default&#8221; link_option_url=&#8221;https:\/\/riprem.net\/wp-content\/uploads\/2024\/08\/LA-RIPOSTE-0824-doc.pdf&#8221; link_option_url_new_window=&#8221;on&#8221; hover_enabled=&#8221;0&#8243; global_colors_info=&#8221;{}&#8221; sticky_enabled=&#8221;0&#8243;][\/wdc_image_carousel_child][wdc_image_carousel_child photo=&#8221;https:\/\/riprem.net\/wp-content\/uploads\/2024\/08\/impact0824-min.jpeg&#8221; _builder_version=&#8221;4.27.0&#8243; _module_preset=&#8221;default&#8221; link_option_url=&#8221;https:\/\/riprem.net\/wp-content\/uploads\/2024\/08\/impact0824-min.jpeg&#8221; link_option_url_new_window=&#8221;on&#8221; global_colors_info=&#8221;{}&#8221;][\/wdc_image_carousel_child][wdc_image_carousel_child photo=&#8221;https:\/\/riprem.net\/wp-content\/uploads\/2024\/08\/expression0824-min.jpeg&#8221; _builder_version=&#8221;4.27.0&#8243; _module_preset=&#8221;default&#8221; link_option_url=&#8221;https:\/\/riprem.net\/wp-content\/uploads\/2024\/08\/expression0824-min.jpeg&#8221; link_option_url_new_window=&#8221;on&#8221; global_colors_info=&#8221;{}&#8221;][\/wdc_image_carousel_child][wdc_image_carousel_child photo=&#8221;https:\/\/riprem.net\/wp-content\/uploads\/2024\/08\/projections0824-min.jpeg&#8221; _builder_version=&#8221;4.27.0&#8243; _module_preset=&#8221;default&#8221; link_option_url=&#8221;https:\/\/riprem.net\/wp-content\/uploads\/2024\/08\/projections0824-min.jpeg&#8221; link_option_url_new_window=&#8221;on&#8221; global_colors_info=&#8221;{}&#8221;][\/wdc_image_carousel_child][wdc_image_carousel_child photo=&#8221;https:\/\/riprem.net\/wp-content\/uploads\/2024\/08\/thesource0824-min.jpeg&#8221; _builder_version=&#8221;4.27.0&#8243; _module_preset=&#8221;default&#8221; link_option_url=&#8221;https:\/\/riprem.net\/wp-content\/uploads\/2024\/08\/thesource0824-min.jpeg&#8221; link_option_url_new_window=&#8221;on&#8221; global_colors_info=&#8221;{}&#8221;][\/wdc_image_carousel_child][wdc_image_carousel_child photo=&#8221;https:\/\/riprem.net\/wp-content\/uploads\/2024\/08\/100suphebdo0824-min.jpeg&#8221; _builder_version=&#8221;4.27.0&#8243; _module_preset=&#8221;default&#8221; link_option_url=&#8221;https:\/\/riprem.net\/wp-content\/uploads\/2024\/08\/100suphebdo0824-min.jpeg&#8221; link_option_url_new_window=&#8221;on&#8221; global_colors_info=&#8221;{}&#8221;][\/wdc_image_carousel_child][wdc_image_carousel_child photo=&#8221;https:\/\/riprem.net\/wp-content\/uploads\/2024\/08\/flecheAfrique07082024-min.jpeg&#8221; _builder_version=&#8221;4.27.0&#8243; _module_preset=&#8221;default&#8221; link_option_url=&#8221;https:\/\/riprem.net\/wp-content\/uploads\/2024\/08\/flecheAfrique07082024-min.jpeg&#8221; link_option_url_new_window=&#8221;on&#8221; global_colors_info=&#8221;{}&#8221;][\/wdc_image_carousel_child][wdc_image_carousel_child photo=&#8221;https:\/\/riprem.net\/wp-content\/uploads\/2024\/07\/Lameteo310724.jpeg&#8221; _builder_version=&#8221;4.27.0&#8243; _module_preset=&#8221;default&#8221; link_option_url=&#8221;https:\/\/riprem.net\/wp-content\/uploads\/2024\/07\/Lameteo310724.jpeg&#8221; link_option_url_new_window=&#8221;on&#8221; global_colors_info=&#8221;{}&#8221;][\/wdc_image_carousel_child][wdc_image_carousel_child photo=&#8221;https:\/\/riprem.net\/wp-content\/uploads\/2024\/07\/flecheafrique290724-min.jpeg&#8221; _builder_version=&#8221;4.27.0&#8243; _module_preset=&#8221;default&#8221; link_option_url=&#8221;https:\/\/riprem.net\/wp-content\/uploads\/2024\/07\/flecheafrique290724-min.jpeg&#8221; link_option_url_new_window=&#8221;on&#8221; global_colors_info=&#8221;{}&#8221;][\/wdc_image_carousel_child][wdc_image_carousel_child photo=&#8221;https:\/\/riprem.net\/wp-content\/uploads\/2024\/07\/GJmedia240724.jpeg&#8221; _builder_version=&#8221;4.27.0&#8243; _module_preset=&#8221;default&#8221; link_option_url=&#8221;https:\/\/riprem.net\/wp-content\/uploads\/2024\/07\/GJmedia240724.jpeg&#8221; link_option_url_new_window=&#8221;on&#8221; global_colors_info=&#8221;{}&#8221;][\/wdc_image_carousel_child][wdc_image_carousel_child photo=&#8221;https:\/\/riprem.net\/wp-content\/uploads\/2024\/07\/flecheafrique240724.jpeg&#8221; _builder_version=&#8221;4.27.0&#8243; _module_preset=&#8221;default&#8221; link_option_url=&#8221;https:\/\/riprem.net\/wp-content\/uploads\/2024\/07\/flecheafrique240724.jpeg&#8221; link_option_url_new_window=&#8221;on&#8221; global_colors_info=&#8221;{}&#8221;][\/wdc_image_carousel_child][wdc_image_carousel_child photo=&#8221;https:\/\/riprem.net\/wp-content\/uploads\/2024\/07\/lepeligan240724.jpeg&#8221; _builder_version=&#8221;4.27.0&#8243; _module_preset=&#8221;default&#8221; link_option_url=&#8221;https:\/\/riprem.net\/wp-content\/uploads\/2024\/07\/lepeligan240724.jpeg&#8221; link_option_url_new_window=&#8221;on&#8221; global_colors_info=&#8221;{}&#8221;][\/wdc_image_carousel_child][wdc_image_carousel_child photo=&#8221;https:\/\/riprem.net\/wp-content\/uploads\/2024\/07\/forumlibre230724-min.jpeg&#8221; _builder_version=&#8221;4.27.0&#8243; _module_preset=&#8221;default&#8221; link_option_url=&#8221;https:\/\/riprem.net\/wp-content\/uploads\/2024\/07\/forumlibre230724-min.jpeg&#8221; link_option_url_new_window=&#8221;on&#8221; global_colors_info=&#8221;{}&#8221;][\/wdc_image_carousel_child][wdc_image_carousel_child photo=&#8221;https:\/\/riprem.net\/wp-content\/uploads\/2024\/07\/lepeligan230724-min.jpeg&#8221; _builder_version=&#8221;4.27.0&#8243; _module_preset=&#8221;default&#8221; link_option_url=&#8221;https:\/\/riprem.net\/wp-content\/uploads\/2024\/07\/lepeligan230724-min.jpeg&#8221; link_option_url_new_window=&#8221;on&#8221; hover_enabled=&#8221;0&#8243; global_colors_info=&#8221;{}&#8221; sticky_enabled=&#8221;0&#8243;][\/wdc_image_carousel_child][\/wdc_image_carousel][et_pb_text _builder_version=&#8221;4.27.0&#8243; _module_preset=&#8221;default&#8221; text_font=&#8221;|700|||||||&#8221; text_orientation=&#8221;center&#8221; text_font_size_tablet=&#8221;&#8221; text_font_size_phone=&#8221;12px&#8221; text_font_size_last_edited=&#8221;on|phone&#8221; global_colors_info=&#8221;{}&#8221;]Cliquez sur une image pour plus de d\u00e9tail[\/et_pb_text][\/et_pb_column][\/et_pb_row][\/et_pb_section]<\/p>\n","protected":false},"excerpt":{"rendered":"<p>Les m\u00e9dias en parlentSuivez l&#8217;actualit\u00e9 des m\u00e9dias sur le RIPREM<div class=\"et_pb_module wdc_image_carousel wdc_image_carousel_0\">\n\t\t\t\t\n\t\t\t\t\n\t\t\t\t\n\t\t\t\t\n\t\t\t\t\n\t\t\t\t\n\t\t\t\t<div class=\"et_pb_module_inner\">\n\t\t\t\t\t<div class=\"wdc-carousel-parent \" data-settings=\"{&quot;responsive&quot;:[{&quot;breakpoint&quot;:980,&quot;settings&quot;:{&quot;slidesToShow&quot;:1,&quot;arrows&quot;:true}},{&quot;breakpoint&quot;:767,&quot;settings&quot;:{&quot;slidesToShow&quot;:1,&quot;arrows&quot;:true}}],&quot;fade&quot;:false,&quot;rtl&quot;:false,&quot;adaptiveHeight&quot;:false,&quot;swipe&quot;:true,&quot;variableWidth&quot;:false,&quot;dots&quot;:false,&quot;cssEase&quot;:&quot;ease-in-out&quot;,&quot;arrows&quot;:true,&quot;infinite&quot;:true,&quot;autoplay&quot;:true,&quot;autoplaySpeed&quot;:2000,&quot;speed&quot;:700,&quot;slidesToShow&quot;:1,&quot;slidesToScroll&quot;:1,&quot;centerPadding&quot;:&quot;70px&quot;,&quot;centerMode&quot;:false,&quot;vertical&quot;:false,&quot;prevArrow&quot;:&quot;&lt;button type=\\&quot;button\\&quot; data-icon=\\&quot; 4\\&quot;class=\\&quot;slick-arrow slick-prev\\&quot;&gt;Prev&lt;\\\/button&gt;&quot;,&quot;nextArrow&quot;:&quot;&lt;button type=\\&quot;button\\&quot; data-icon=\\&quot; 5\\&quot;class=\\&quot;slick-arrow slick-next\\&quot;&gt;Prev&lt;\\\/button&gt;&quot;,&quot;lazyLoad&quot;:&quot;progressive&quot;}\" dir=\"ltr\">\r\n\t\t\t    <div class=\"wdc-carousel wdc-image-carousel-0 wdc-image-carousel wdc-carousel-frontend wdc-lightbox-off\">\r\n                    \r\n                <\/div>\r\n                \r\n            <\/div>\n\t\t\t\t<\/div>\n\t\t\t<\/div><div class=\"wdc_image_carousel_child wdc_image_carousel_child_0 wdc_et_pb_module\">\n\t\t\t\t\n\t\t\t\t\n\t\t\t\t\n\t\t\t\t\n\t\t\t\t\n\t\t\t\t\n\t\t\t\t<div class=\"et_pb_module_inner\">\n\t\t\t\t\t<div class=\"wdc-carousel-item wdc-image-carousel-item wdc-swapped-img-selector wdc-hover--none\">\r\n\t\t\t\t<figure class=\"wdc-lightbox-ctrl\">\r\n                    <div class=\"wdc-overlay\"><span class=\"wdc-overlay-icon\"><\/span><\/div>\r\n                    <img class=\"wdc-swapped-img\" data-mfp-src=\"https:\/\/riprem.net\/wp-content\/uploads\/2026\/03\/RIPREM-MEDIA-00.jpeg\" data-lazy=\"https:\/\/riprem.net\/wp-content\/uploads\/2026\/03\/RIPREM-MEDIA-00.jpeg\"  alt=\"\"\/>\r\n                <\/figure> \r\n\t\t\t<\/div>\n\t\t\t\t<\/div>\n\t\t\t<\/div><div class=\"wdc_image_carousel_child wdc_image_carousel_child_1 wdc_et_pb_module\">\n\t\t\t\t\n\t\t\t\t\n\t\t\t\t\n\t\t\t\t\n\t\t\t\t\n\t\t\t\t\n\t\t\t\t<div class=\"et_pb_module_inner\">\n\t\t\t\t\t<div class=\"wdc-carousel-item wdc-image-carousel-item wdc-swapped-img-selector wdc-hover--none\">\r\n\t\t\t\t<figure class=\"wdc-lightbox-ctrl\">\r\n                    <div class=\"wdc-overlay\"><span class=\"wdc-overlay-icon\"><\/span><\/div>\r\n                    <img class=\"wdc-swapped-img\" data-mfp-src=\"https:\/\/riprem.net\/wp-content\/uploads\/2026\/03\/RIPREM-MEDIA-01.jpeg\" data-lazy=\"https:\/\/riprem.net\/wp-content\/uploads\/2026\/03\/RIPREM-MEDIA-01.jpeg\"  alt=\"\"\/>\r\n                <\/figure> \r\n\t\t\t<\/div>\n\t\t\t\t<\/div>\n\t\t\t<\/div><div class=\"wdc_image_carousel_child wdc_image_carousel_child_2 wdc_et_pb_module\">\n\t\t\t\t\n\t\t\t\t\n\t\t\t\t\n\t\t\t\t\n\t\t\t\t\n\t\t\t\t\n\t\t\t\t<div class=\"et_pb_module_inner\">\n\t\t\t\t\t<div class=\"wdc-carousel-item wdc-image-carousel-item wdc-swapped-img-selector wdc-hover--none\">\r\n\t\t\t\t<figure class=\"wdc-lightbox-ctrl\">\r\n                    <div class=\"wdc-overlay\"><span class=\"wdc-overlay-icon\"><\/span><\/div>\r\n                    <img class=\"wdc-swapped-img\" data-mfp-src=\"https:\/\/riprem.net\/wp-content\/uploads\/2026\/03\/RIPREM-MEDIA-02.jpeg\" data-lazy=\"https:\/\/riprem.net\/wp-content\/uploads\/2026\/03\/RIPREM-MEDIA-02.jpeg\"  alt=\"\"\/>\r\n                <\/figure> \r\n\t\t\t<\/div>\n\t\t\t\t<\/div>\n\t\t\t<\/div><div class=\"wdc_image_carousel_child wdc_image_carousel_child_3 wdc_et_pb_module\">\n\t\t\t\t\n\t\t\t\t\n\t\t\t\t\n\t\t\t\t\n\t\t\t\t\n\t\t\t\t\n\t\t\t\t<div class=\"et_pb_module_inner\">\n\t\t\t\t\t<div class=\"wdc-carousel-item wdc-image-carousel-item wdc-swapped-img-selector wdc-hover--none\">\r\n\t\t\t\t<figure class=\"wdc-lightbox-ctrl\">\r\n                    <div class=\"wdc-overlay\"><span class=\"wdc-overlay-icon\"><\/span><\/div>\r\n                    <img class=\"wdc-swapped-img\" data-mfp-src=\"&#8221;https:\/\/riprem.net\/wp-content\/uploads\/2024\/08\/La-Riposte0824.jpeg&#8221;\" data-lazy=\"&#8221;https:\/\/riprem.net\/wp-content\/uploads\/2024\/08\/La-Riposte0824.jpeg&#8221;\"  alt=\"\"\/>\r\n                <\/figure> \r\n\t\t\t<\/div>\n\t\t\t\t<\/div>\n\t\t\t<\/div><\/p>\n","protected":false},"author":2,"featured_media":0,"parent":0,"menu_order":0,"comment_status":"closed","ping_status":"closed","template":"","meta":{"_et_pb_use_builder":"on","_et_pb_old_content":"<!-- wp:divi\/placeholder \/-->","_et_gb_content_width":"","footnotes":""},"class_list":["post-1849","page","type-page","status-publish","hentry"],"yoast_head":"<!-- This site is optimized with the Yoast SEO plugin v23.1 - https:\/\/yoast.com\/wordpress\/plugins\/seo\/ -->\n<title>Les m\u00e9dias en parlent<\/title>\n<meta name=\"description\" content=\"Suivez l&#039;actualit\u00e9 des m\u00e9dias sur le RIPREM\" \/>\n<meta name=\"robots\" content=\"index, follow, max-snippet:-1, max-image-preview:large, max-video-preview:-1\" \/>\n<link rel=\"canonical\" href=\"https:\/\/riprem.net\/les-medias-en-parlent\/\" \/>\n<meta property=\"og:locale\" content=\"en_US\" \/>\n<meta property=\"og:type\" content=\"article\" \/>\n<meta property=\"og:title\" content=\"Les m\u00e9dias en parlent\" \/>\n<meta property=\"og:description\" content=\"Suivez l&#039;actualit\u00e9 des m\u00e9dias sur le RIPREM\" \/>\n<meta property=\"og:url\" content=\"https:\/\/riprem.net\/les-medias-en-parlent\/\" \/>\n<meta property=\"og:site_name\" content=\"riprem\" \/>\n<meta property=\"article:publisher\" content=\"https:\/\/www.facebook.com\/Riprem.org\/\" \/>\n<meta property=\"article:modified_time\" content=\"2026-03-12T12:13:23+00:00\" \/>\n<meta name=\"twitter:card\" content=\"summary_large_image\" \/>\n<meta name=\"twitter:site\" content=\"@RipremC\" \/>\n<meta name=\"twitter:label1\" content=\"Est. reading time\" \/>\n\t<meta name=\"twitter:data1\" content=\"2 minutes\" \/>\n<script type=\"application\/ld+json\" class=\"yoast-schema-graph\">{\"@context\":\"https:\/\/schema.org\",\"@graph\":[{\"@type\":\"WebPage\",\"@id\":\"https:\/\/riprem.net\/les-medias-en-parlent\/\",\"url\":\"https:\/\/riprem.net\/les-medias-en-parlent\/\",\"name\":\"Les m\u00e9dias en parlent\",\"isPartOf\":{\"@id\":\"https:\/\/riprem.net\/fr\/#website\"},\"datePublished\":\"2024-07-23T07:42:11+00:00\",\"dateModified\":\"2026-03-12T12:13:23+00:00\",\"description\":\"Suivez l'actualit\u00e9 des m\u00e9dias sur le RIPREM\",\"breadcrumb\":{\"@id\":\"https:\/\/riprem.net\/les-medias-en-parlent\/#breadcrumb\"},\"inLanguage\":\"en-US\",\"potentialAction\":[{\"@type\":\"ReadAction\",\"target\":[\"https:\/\/riprem.net\/les-medias-en-parlent\/\"]}]},{\"@type\":\"BreadcrumbList\",\"@id\":\"https:\/\/riprem.net\/les-medias-en-parlent\/#breadcrumb\",\"itemListElement\":[{\"@type\":\"ListItem\",\"position\":1,\"name\":\"Accueil\",\"item\":\"https:\/\/riprem.net\/\"},{\"@type\":\"ListItem\",\"position\":2,\"name\":\"Les m\u00e9dias en parlent\"}]},{\"@type\":\"WebSite\",\"@id\":\"https:\/\/riprem.net\/fr\/#website\",\"url\":\"https:\/\/riprem.net\/fr\/\",\"name\":\"RIPREM\",\"description\":\"\",\"publisher\":{\"@id\":\"https:\/\/riprem.net\/fr\/#organization\"},\"potentialAction\":[{\"@type\":\"SearchAction\",\"target\":{\"@type\":\"EntryPoint\",\"urlTemplate\":\"https:\/\/riprem.net\/fr\/?s={search_term_string}\"},\"query-input\":\"required name=search_term_string\"}],\"inLanguage\":\"en-US\"},{\"@type\":\"Organization\",\"@id\":\"https:\/\/riprem.net\/fr\/#organization\",\"name\":\"RIPREM\",\"url\":\"https:\/\/riprem.net\/fr\/\",\"logo\":{\"@type\":\"ImageObject\",\"inLanguage\":\"en-US\",\"@id\":\"https:\/\/riprem.net\/fr\/#\/schema\/logo\/image\/\",\"url\":\"https:\/\/riprem.net\/wp-content\/uploads\/2024\/07\/RIPREM-Logo-transformed.png\",\"contentUrl\":\"https:\/\/riprem.net\/wp-content\/uploads\/2024\/07\/RIPREM-Logo-transformed.png\",\"width\":153,\"height\":90,\"caption\":\"RIPREM\"},\"image\":{\"@id\":\"https:\/\/riprem.net\/fr\/#\/schema\/logo\/image\/\"},\"sameAs\":[\"https:\/\/www.facebook.com\/Riprem.org\/\",\"https:\/\/x.com\/RipremC\"]}]}<\/script>\n<!-- \/ Yoast SEO plugin. -->","yoast_head_json":{"title":"Les m\u00e9dias en parlent","description":"Suivez l'actualit\u00e9 des m\u00e9dias sur le RIPREM","robots":{"index":"index","follow":"follow","max-snippet":"max-snippet:-1","max-image-preview":"max-image-preview:large","max-video-preview":"max-video-preview:-1"},"canonical":"https:\/\/riprem.net\/les-medias-en-parlent\/","og_locale":"en_US","og_type":"article","og_title":"Les m\u00e9dias en parlent","og_description":"Suivez l'actualit\u00e9 des m\u00e9dias sur le RIPREM","og_url":"https:\/\/riprem.net\/les-medias-en-parlent\/","og_site_name":"riprem","article_publisher":"https:\/\/www.facebook.com\/Riprem.org\/","article_modified_time":"2026-03-12T12:13:23+00:00","twitter_card":"summary_large_image","twitter_site":"@RipremC","twitter_misc":{"Est. reading time":"2 minutes"},"schema":{"@context":"https:\/\/schema.org","@graph":[{"@type":"WebPage","@id":"https:\/\/riprem.net\/les-medias-en-parlent\/","url":"https:\/\/riprem.net\/les-medias-en-parlent\/","name":"Les m\u00e9dias en parlent","isPartOf":{"@id":"https:\/\/riprem.net\/fr\/#website"},"datePublished":"2024-07-23T07:42:11+00:00","dateModified":"2026-03-12T12:13:23+00:00","description":"Suivez l'actualit\u00e9 des m\u00e9dias sur le RIPREM","breadcrumb":{"@id":"https:\/\/riprem.net\/les-medias-en-parlent\/#breadcrumb"},"inLanguage":"en-US","potentialAction":[{"@type":"ReadAction","target":["https:\/\/riprem.net\/les-medias-en-parlent\/"]}]},{"@type":"BreadcrumbList","@id":"https:\/\/riprem.net\/les-medias-en-parlent\/#breadcrumb","itemListElement":[{"@type":"ListItem","position":1,"name":"Accueil","item":"https:\/\/riprem.net\/"},{"@type":"ListItem","position":2,"name":"Les m\u00e9dias en parlent"}]},{"@type":"WebSite","@id":"https:\/\/riprem.net\/fr\/#website","url":"https:\/\/riprem.net\/fr\/","name":"RIPREM","description":"","publisher":{"@id":"https:\/\/riprem.net\/fr\/#organization"},"potentialAction":[{"@type":"SearchAction","target":{"@type":"EntryPoint","urlTemplate":"https:\/\/riprem.net\/fr\/?s={search_term_string}"},"query-input":"required name=search_term_string"}],"inLanguage":"en-US"},{"@type":"Organization","@id":"https:\/\/riprem.net\/fr\/#organization","name":"RIPREM","url":"https:\/\/riprem.net\/fr\/","logo":{"@type":"ImageObject","inLanguage":"en-US","@id":"https:\/\/riprem.net\/fr\/#\/schema\/logo\/image\/","url":"https:\/\/riprem.net\/wp-content\/uploads\/2024\/07\/RIPREM-Logo-transformed.png","contentUrl":"https:\/\/riprem.net\/wp-content\/uploads\/2024\/07\/RIPREM-Logo-transformed.png","width":153,"height":90,"caption":"RIPREM"},"image":{"@id":"https:\/\/riprem.net\/fr\/#\/schema\/logo\/image\/"},"sameAs":["https:\/\/www.facebook.com\/Riprem.org\/","https:\/\/x.com\/RipremC"]}]}},"_links":{"self":[{"href":"https:\/\/riprem.net\/wp-json\/wp\/v2\/pages\/1849"}],"collection":[{"href":"https:\/\/riprem.net\/wp-json\/wp\/v2\/pages"}],"about":[{"href":"https:\/\/riprem.net\/wp-json\/wp\/v2\/types\/page"}],"author":[{"embeddable":true,"href":"https:\/\/riprem.net\/wp-json\/wp\/v2\/users\/2"}],"replies":[{"embeddable":true,"href":"https:\/\/riprem.net\/wp-json\/wp\/v2\/comments?post=1849"}],"version-history":[{"count":25,"href":"https:\/\/riprem.net\/wp-json\/wp\/v2\/pages\/1849\/revisions"}],"predecessor-version":[{"id":2548,"href":"https:\/\/riprem.net\/wp-json\/wp\/v2\/pages\/1849\/revisions\/2548"}],"wp:attachment":[{"href":"https:\/\/riprem.net\/wp-json\/wp\/v2\/media?parent=1849"}],"curies":[{"name":"wp","href":"https:\/\/api.w.org\/{rel}","templated":true}]}}