{"id":801,"date":"2024-07-17T14:00:55","date_gmt":"2024-07-17T12:00:55","guid":{"rendered":"https:\/\/riprem.net\/?page_id=801"},"modified":"2024-07-30T18:05:44","modified_gmt":"2024-07-30T16:05:44","slug":"galerie","status":"publish","type":"page","link":"https:\/\/riprem.net\/galerie\/","title":{"rendered":"Galerie"},"content":{"rendered":"<p>[et_pb_section fb_built=&#8221;1&#8243; admin_label=&#8221;Header&#8221; _builder_version=&#8221;4.27.0&#8243; _module_preset=&#8221;default&#8221; use_background_color_gradient=&#8221;on&#8221; background_color_gradient_stops=&#8221;rgba(83,43,168,0.43) 0%|rgba(83,43,168,0.43) 100%&#8221; background_color_gradient_overlays_image=&#8221;on&#8221; background_image=&#8221;https:\/\/riprem.net\/wp-content\/uploads\/2024\/07\/IMG-20221213-WA0003-1024&#215;667-1.jpg&#8221; parallax=&#8221;on&#8221; custom_padding=&#8221;8vw||8vw||true|false&#8221; border_width_all=&#8221;5px&#8221; border_color_all=&#8221;#57bb2c&#8221; locked=&#8221;off&#8221; collapsed=&#8221;on&#8221; global_colors_info=&#8221;{}&#8221;][et_pb_row _builder_version=&#8221;4.22.0&#8243; _module_preset=&#8221;default&#8221; global_colors_info=&#8221;{}&#8221;][et_pb_column type=&#8221;4_4&#8243; _builder_version=&#8221;4.22.0&#8243; _module_preset=&#8221;default&#8221; global_colors_info=&#8221;{}&#8221;][et_pb_text content_tablet=&#8221;<\/p>\n<h1 class=%22elementor-heading-title elementor-size-default%22>Galerie<\/h1>\n<p>&#8221; content_phone=&#8221;<\/p>\n<h3 class=%22elementor-heading-title elementor-size-default%22>Galerie<\/h3>\n<p>&#8221; content_last_edited=&#8221;on|phone&#8221; _builder_version=&#8221;4.27.0&#8243; _module_preset=&#8221;default&#8221; header_font=&#8221;Manrope|800|||||||&#8221; header_text_align=&#8221;center&#8221; header_text_color=&#8221;#FFFFFF&#8221; header_font_size=&#8221;100px&#8221; header_3_font=&#8221;Manrope|800|||||||&#8221; header_3_text_align=&#8221;center&#8221; header_3_text_color=&#8221;#FFFFFF&#8221; header_3_font_size=&#8221;50px&#8221; global_colors_info=&#8221;{}&#8221;]<\/p>\n<h1 class=\"elementor-heading-title elementor-size-default\">Galerie<\/h1>\n<p>[\/et_pb_text][\/et_pb_column][\/et_pb_row][\/et_pb_section][et_pb_section fb_built=&#8221;1&#8243; _builder_version=&#8221;4.27.0&#8243; _module_preset=&#8221;default&#8221; background_color=&#8221;rgba(221,232,234,0.55)&#8221; custom_padding=&#8221;||29px|||&#8221; global_colors_info=&#8221;{}&#8221;][et_pb_row _builder_version=&#8221;4.27.0&#8243; _module_preset=&#8221;default&#8221; global_colors_info=&#8221;{}&#8221;][et_pb_column type=&#8221;4_4&#8243; _builder_version=&#8221;4.27.0&#8243; _module_preset=&#8221;default&#8221; global_colors_info=&#8221;{}&#8221;][et_pb_text content_tablet=&#8221;<\/p>\n<h2 class=%22ekit-heading--title elementskit-section-title %22>Moments<span> <\/span><span> <\/span><span style=%22color: #57bb2c;%22><em>Inoubliables<\/em><\/span><span> <\/span>en Image<\/h2>\n<p>&#8221; content_phone=&#8221;<\/p>\n<h4 class=%22ekit-heading--title elementskit-section-title %22>Moments<span> <\/span><span> <\/span><span style=%22color: #57bb2c;%22><em>Inoubliables<\/em><\/span><span> <\/span>en Image<\/h4>\n<p>&#8221; content_last_edited=&#8221;on|phone&#8221; _builder_version=&#8221;4.27.0&#8243; _module_preset=&#8221;default&#8221; header_2_font=&#8221;Manrope|800|||||||&#8221; header_2_text_align=&#8221;center&#8221; header_2_text_color=&#8221;#101010&#8243; header_2_font_size=&#8221;45px&#8221; header_4_font=&#8221;Manrope|800|||||||&#8221; header_4_text_align=&#8221;center&#8221; header_4_text_color=&#8221;#000000&#8243; header_4_font_size=&#8221;30px&#8221; global_colors_info=&#8221;{}&#8221;]<\/p>\n<h2 class=\"ekit-heading--title elementskit-section-title \">Moments<span>\u00a0<\/span><span>\u00a0<\/span><span style=\"color: #57bb2c;\"><em>Inoubliables<\/em><\/span><span>\u00a0<\/span>en Image<\/h2>\n<p>[\/et_pb_text][et_pb_text _builder_version=&#8221;4.27.0&#8243; _module_preset=&#8221;default&#8221; text_font=&#8221;Manrope|600|||||||&#8221; text_font_size=&#8221;16px&#8221; text_orientation=&#8221;center&#8221; width=&#8221;50%&#8221; width_tablet=&#8221;80%&#8221; width_phone=&#8221;80%&#8221; width_last_edited=&#8221;on|tablet&#8221; max_width=&#8221;50%&#8221; max_width_tablet=&#8221;80%&#8221; max_width_phone=&#8221;80%&#8221; max_width_last_edited=&#8221;on|phone&#8221; module_alignment=&#8221;center&#8221; text_font_size_tablet=&#8221;16px&#8221; text_font_size_phone=&#8221;14px&#8221; text_font_size_last_edited=&#8221;on|phone&#8221; global_colors_info=&#8221;{}&#8221;]<\/p>\n<p><span>Revivez les moments forts de nos \u00e9v\u00e8nements pass\u00e9s .<\/span><\/p>\n<p>[\/et_pb_text][\/et_pb_column][\/et_pb_row][\/et_pb_section][et_pb_section fb_built=&#8221;1&#8243; _builder_version=&#8221;4.27.0&#8243; _module_preset=&#8221;default&#8221; global_colors_info=&#8221;{}&#8221;][et_pb_row use_custom_gutter=&#8221;on&#8221; gutter_width=&#8221;1&#8243; make_equal=&#8221;on&#8221; _builder_version=&#8221;4.27.0&#8243; _module_preset=&#8221;default&#8221; background_color=&#8221;#0b4373&#8243; background_enable_image=&#8221;off&#8221; background_size=&#8221;stretch&#8221; width=&#8221;90%&#8221; max_width=&#8221;2560px&#8221; module_alignment=&#8221;center&#8221; custom_margin=&#8221;||||false|false&#8221; custom_padding=&#8221;10px||0px||false|false&#8221; animation_style=&#8221;slide&#8221; animation_direction=&#8221;left&#8221; global_colors_info=&#8221;{}&#8221;][et_pb_column type=&#8221;4_4&#8243; _builder_version=&#8221;4.17.4&#8243; _module_preset=&#8221;default&#8221; custom_padding=&#8221;||||false|false&#8221; global_colors_info=&#8221;{}&#8221;][dsm_text_divider header=&#8221;Assembl\u00e9e G\u00e9n\u00e9rale du RIPREM 2024&#8243; color=&#8221;#FFFFFF&#8221; _builder_version=&#8221;4.27.0&#8243; _module_preset=&#8221;default&#8221; header_font=&#8221;Montserrat|700|||||||&#8221; header_text_align=&#8221;center&#8221; header_font_size=&#8221;30px&#8221; background_color=&#8221;RGBA(255,255,255,0)&#8221; background_layout=&#8221;dark&#8221; custom_padding=&#8221;||10px||false|false&#8221; header_font_size_tablet=&#8221;30px&#8221; header_font_size_phone=&#8221;15px&#8221; header_font_size_last_edited=&#8221;on|phone&#8221; custom_css_main_element=&#8221;text-transform: uppercase;&#8221; global_colors_info=&#8221;{}&#8221;][\/dsm_text_divider][et_pb_gallery gallery_ids=&#8221;464,2075,1606,1572,1573,1636&#8243; posts_number=&#8221;8&#8243; orientation=&#8221;portrait&#8221; show_title_and_caption=&#8221;off&#8221; zoom_icon_color=&#8221;#FFFFFF&#8221; hover_overlay_color=&#8221;rgba(0,96,45,0.2)&#8221; hover_icon=&#8221;&#x54;||divi||400&#8243; _builder_version=&#8221;4.27.0&#8243; _module_preset=&#8221;default&#8221; title_font=&#8221;Montserrat|700|||||||&#8221; title_text_align=&#8221;center&#8221; caption_font=&#8221;Montserrat|600|||||||&#8221; caption_text_align=&#8221;center&#8221; pagination_font=&#8221;Montserrat|600|||||||&#8221; pagination_text_align=&#8221;center&#8221; pagination_text_color=&#8221;#FFFFFF&#8221; background_color=&#8221;#0b4373&#8243; custom_margin=&#8221;||0px||false|false&#8221; custom_padding=&#8221;||0px||false|false&#8221; custom_css_gallery_pagination_active=&#8221;background-color: #003366;||padding-left: 10px;||padding-right: 10px;||padding-top: 5px;||padding-bottom: 5px;||border-radius: 100px;&#8221; border_width_all=&#8221;1px&#8221; border_color_all=&#8221;RGBA(255,255,255,0)&#8221; global_colors_info=&#8221;{}&#8221; pagination_text_color__hover_enabled=&#8221;on|hover&#8221; pagination_text_color__hover=&#8221;#003366&#8243; child_filter_blur__hover_enabled=&#8221;on|hover&#8221; child_filter_blur__hover=&#8221;3px&#8221;][\/et_pb_gallery][\/et_pb_column][\/et_pb_row][et_pb_row use_custom_gutter=&#8221;on&#8221; gutter_width=&#8221;1&#8243; make_equal=&#8221;on&#8221; _builder_version=&#8221;4.27.0&#8243; _module_preset=&#8221;default&#8221; background_color=&#8221;#0b4373&#8243; background_enable_image=&#8221;off&#8221; background_size=&#8221;stretch&#8221; width=&#8221;90%&#8221; max_width=&#8221;2560px&#8221; module_alignment=&#8221;center&#8221; custom_margin=&#8221;50px||||false|false&#8221; custom_padding=&#8221;10px||0px||false|false&#8221; animation_style=&#8221;slide&#8221; animation_direction=&#8221;left&#8221; global_colors_info=&#8221;{}&#8221;][et_pb_column type=&#8221;4_4&#8243; _builder_version=&#8221;4.17.4&#8243; _module_preset=&#8221;default&#8221; custom_padding=&#8221;||||false|false&#8221; global_colors_info=&#8221;{}&#8221;][dsm_text_divider header=&#8221;soir\u00e9e Gastronomique Camerounaise -Jeux Olympiques 2024&#8243; color=&#8221;#FFFFFF&#8221; _builder_version=&#8221;4.27.0&#8243; _module_preset=&#8221;default&#8221; header_font=&#8221;Montserrat|700|||||||&#8221; header_text_align=&#8221;center&#8221; header_font_size=&#8221;30px&#8221; background_color=&#8221;RGBA(255,255,255,0)&#8221; background_layout=&#8221;dark&#8221; custom_padding=&#8221;||10px||false|false&#8221; header_font_size_tablet=&#8221;30px&#8221; header_font_size_phone=&#8221;15px&#8221; header_font_size_last_edited=&#8221;on|phone&#8221; custom_css_main_element=&#8221;text-transform: uppercase;&#8221; global_colors_info=&#8221;{}&#8221;][\/dsm_text_divider][et_pb_gallery gallery_ids=&#8221;1970,1971,1963,2080,1964,1844&#8243; posts_number=&#8221;8&#8243; orientation=&#8221;portrait&#8221; show_title_and_caption=&#8221;off&#8221; zoom_icon_color=&#8221;#FFFFFF&#8221; hover_overlay_color=&#8221;rgba(0,96,45,0.2)&#8221; hover_icon=&#8221;&#x54;||divi||400&#8243; _builder_version=&#8221;4.27.0&#8243; _module_preset=&#8221;default&#8221; title_font=&#8221;Montserrat|700|||||||&#8221; title_text_align=&#8221;center&#8221; caption_font=&#8221;Montserrat|600|||||||&#8221; caption_text_align=&#8221;center&#8221; pagination_font=&#8221;Montserrat|600|||||||&#8221; pagination_text_align=&#8221;center&#8221; pagination_text_color=&#8221;#FFFFFF&#8221; background_color=&#8221;#0b4373&#8243; custom_margin=&#8221;||0px||false|false&#8221; custom_padding=&#8221;||0px||false|false&#8221; hover_enabled=&#8221;0&#8243; custom_css_gallery_pagination_active=&#8221;background-color: #003366;||padding-left: 10px;||padding-right: 10px;||padding-top: 5px;||padding-bottom: 5px;||border-radius: 100px;&#8221; border_width_all=&#8221;1px&#8221; border_color_all=&#8221;RGBA(255,255,255,0)&#8221; global_colors_info=&#8221;{}&#8221; pagination_text_color__hover_enabled=&#8221;on|hover&#8221; pagination_text_color__hover=&#8221;#003366&#8243; child_filter_blur__hover_enabled=&#8221;on|hover&#8221; child_filter_blur__hover=&#8221;3px&#8221; sticky_enabled=&#8221;0&#8243;][\/et_pb_gallery][\/et_pb_column][\/et_pb_row][\/et_pb_section]<\/p>\n","protected":false},"excerpt":{"rendered":"<p>GalerieMoments\u00a0\u00a0Inoubliables\u00a0en ImageRevivez les moments forts de nos \u00e9v\u00e8nements pass\u00e9s .<div class=\"et_pb_module dsm_text_divider dsm_text_divider_0\">\n\t\t\t\t\n\t\t\t\t\n\t\t\t\t\n\t\t\t\t\n\t\t\t\t\n\t\t\t\t\n\t\t\t\t<div class=\"et_pb_module_inner\">\n\t\t\t\t\t<div class=\"dsm-text-divider-wrapper dsm-text-divider-align-center et_pb_bg_layout_dark\">\n\t\t\t\t\n\t\t\t\t\n\t\t\t\t<div class=\"dsm-text-divider-before dsm-divider\"><\/div>\n\t\t\t\t<h3 class=\"dsm-text-divider-header et_pb_module_header\"><span>Assembl\u00e9e G\u00e9n\u00e9rale du RIPREM 2024<\/span><\/h3>\n\t\t\t\t<div class=\"dsm-text-divider-after dsm-divider\"><\/div>\n\t\t\t<\/div>\n\t\t\t\t<\/div>\n\t\t\t<\/div><div class=\"et_pb_module dsm_text_divider dsm_text_divider_1\">\n\t\t\t\t\n\t\t\t\t\n\t\t\t\t\n\t\t\t\t\n\t\t\t\t\n\t\t\t\t\n\t\t\t\t<div class=\"et_pb_module_inner\">\n\t\t\t\t\t<div class=\"dsm-text-divider-wrapper dsm-text-divider-align-center et_pb_bg_layout_dark\">\n\t\t\t\t\n\t\t\t\t\n\t\t\t\t<div class=\"dsm-text-divider-before dsm-divider\"><\/div>\n\t\t\t\t<h3 class=\"dsm-text-divider-header et_pb_module_header\"><span>soir\u00e9e Gastronomique Camerounaise -Jeux Olympiques 2024<\/span><\/h3>\n\t\t\t\t<div class=\"dsm-text-divider-after dsm-divider\"><\/div>\n\t\t\t<\/div>\n\t\t\t\t<\/div>\n\t\t\t<\/div><\/p>\n","protected":false},"author":1,"featured_media":0,"parent":0,"menu_order":0,"comment_status":"closed","ping_status":"closed","template":"","meta":{"_et_pb_use_builder":"on","_et_pb_old_content":"<!-- wp:divi\/placeholder \/-->","_et_gb_content_width":"","footnotes":""},"class_list":["post-801","page","type-page","status-publish","hentry"],"yoast_head":"<!-- This site is optimized with the Yoast SEO plugin v23.1 - https:\/\/yoast.com\/wordpress\/plugins\/seo\/ -->\n<title>Galerie<\/title>\n<meta name=\"description\" content=\"[et_pb_section fb_built=&quot;1&quot; admin_label=&quot;Header&quot; _builder_version=&quot;4.27.0&quot; _module_preset=&quot;default&quot; use_background_color_gradient=&quot;on&quot; background_color_gradient_stops=&quot;rgba(83,43,168,0.43) 0%|rgba(83,43,168,0.43) 100%&quot; background_color_gradient_overlays_image=&quot;on&quot; background_image=&quot;https:\/\/riprem.net\/wp-content\/uploads\/2024\/07\/IMG-20221213-WA0003-1024x667-1.jpg&quot; parallax=&quot;on&quot; custom_padding=&quot;8vw||8vw||true|false&quot; border_width_all=&quot;5px&quot; border_color_all=&quot;#57bb2c&quot; locked=&quot;off&quot; collapsed=&quot;on&quot; global_colors_info=&quot;{}&quot;][et_pb_row _builder_version=&quot;4.22.0&quot; _module_preset=&quot;default&quot; global_colors_info=&quot;{}&quot;][et_pb_column type=&quot;4_4&quot; _builder_version=&quot;4.22.0&quot; _module_preset=&quot;default&quot; global_colors_info=&quot;{}&quot;][et_pb_text content_tablet=&quot;Galerie&quot; content_phone=&quot;Galerie&quot; content_last_edited=&quot;on|phone&quot; _builder_version=&quot;4.27.0&quot; _module_preset=&quot;default&quot; header_font=&quot;Manrope|800|||||||&quot; header_text_align=&quot;center&quot; header_text_color=&quot;#FFFFFF&quot; header_font_size=&quot;100px&quot; header_3_font=&quot;Manrope|800|||||||&quot; header_3_text_align=&quot;center&quot; header_3_text_color=&quot;#FFFFFF&quot; header_3_font_size=&quot;50px&quot; global_colors_info=&quot;{}&quot;]Galerie[\/et_pb_text][\/et_pb_column][\/et_pb_row][\/et_pb_section][et_pb_section fb_built=&quot;1&quot; _builder_version=&quot;4.27.0&quot; _module_preset=&quot;default&quot; background_color=&quot;rgba(221,232,234,0.55)&quot; custom_padding=&quot;||29px|||&quot; global_colors_info=&quot;{}&quot;][et_pb_row _builder_version=&quot;4.27.0&quot; _module_preset=&quot;default&quot; global_colors_info=&quot;{}&quot;][et_pb_column type=&quot;4_4&quot; _builder_version=&quot;4.27.0&quot; _module_preset=&quot;default&quot; global_colors_info=&quot;{}&quot;][et_pb_text content_tablet=&quot;Moments Inoubliables en&hellip;\" \/>\n<meta name=\"robots\" content=\"index, follow, max-snippet:-1, max-image-preview:large, max-video-preview:-1\" \/>\n<link rel=\"canonical\" href=\"https:\/\/riprem.net\/galerie\/\" \/>\n<meta property=\"og:locale\" content=\"en_US\" \/>\n<meta property=\"og:type\" content=\"article\" \/>\n<meta property=\"og:title\" content=\"Galerie\" \/>\n<meta property=\"og:description\" content=\"[et_pb_section fb_built=&quot;1&quot; admin_label=&quot;Header&quot; _builder_version=&quot;4.27.0&quot; _module_preset=&quot;default&quot; use_background_color_gradient=&quot;on&quot; background_color_gradient_stops=&quot;rgba(83,43,168,0.43) 0%|rgba(83,43,168,0.43) 100%&quot; background_color_gradient_overlays_image=&quot;on&quot; background_image=&quot;https:\/\/riprem.net\/wp-content\/uploads\/2024\/07\/IMG-20221213-WA0003-1024x667-1.jpg&quot; parallax=&quot;on&quot; custom_padding=&quot;8vw||8vw||true|false&quot; border_width_all=&quot;5px&quot; border_color_all=&quot;#57bb2c&quot; locked=&quot;off&quot; collapsed=&quot;on&quot; global_colors_info=&quot;{}&quot;][et_pb_row _builder_version=&quot;4.22.0&quot; _module_preset=&quot;default&quot; global_colors_info=&quot;{}&quot;][et_pb_column type=&quot;4_4&quot; _builder_version=&quot;4.22.0&quot; _module_preset=&quot;default&quot; global_colors_info=&quot;{}&quot;][et_pb_text content_tablet=&quot;Galerie&quot; content_phone=&quot;Galerie&quot; content_last_edited=&quot;on|phone&quot; _builder_version=&quot;4.27.0&quot; _module_preset=&quot;default&quot; header_font=&quot;Manrope|800|||||||&quot; header_text_align=&quot;center&quot; header_text_color=&quot;#FFFFFF&quot; header_font_size=&quot;100px&quot; header_3_font=&quot;Manrope|800|||||||&quot; header_3_text_align=&quot;center&quot; header_3_text_color=&quot;#FFFFFF&quot; header_3_font_size=&quot;50px&quot; global_colors_info=&quot;{}&quot;]Galerie[\/et_pb_text][\/et_pb_column][\/et_pb_row][\/et_pb_section][et_pb_section fb_built=&quot;1&quot; _builder_version=&quot;4.27.0&quot; _module_preset=&quot;default&quot; background_color=&quot;rgba(221,232,234,0.55)&quot; custom_padding=&quot;||29px|||&quot; global_colors_info=&quot;{}&quot;][et_pb_row _builder_version=&quot;4.27.0&quot; _module_preset=&quot;default&quot; global_colors_info=&quot;{}&quot;][et_pb_column type=&quot;4_4&quot; _builder_version=&quot;4.27.0&quot; _module_preset=&quot;default&quot; global_colors_info=&quot;{}&quot;][et_pb_text content_tablet=&quot;Moments Inoubliables en&hellip;\" \/>\n<meta property=\"og:url\" content=\"https:\/\/riprem.net\/galerie\/\" \/>\n<meta property=\"og:site_name\" content=\"riprem\" \/>\n<meta property=\"article:publisher\" content=\"https:\/\/www.facebook.com\/Riprem.org\/\" \/>\n<meta property=\"article:modified_time\" content=\"2024-07-30T16:05:44+00:00\" \/>\n<meta name=\"twitter:card\" content=\"summary_large_image\" \/>\n<meta name=\"twitter:site\" content=\"@RipremC\" \/>\n<meta name=\"twitter:label1\" content=\"Est. reading time\" \/>\n\t<meta name=\"twitter:data1\" content=\"4 minutes\" \/>\n<script type=\"application\/ld+json\" class=\"yoast-schema-graph\">{\"@context\":\"https:\/\/schema.org\",\"@graph\":[{\"@type\":\"WebPage\",\"@id\":\"https:\/\/riprem.net\/galerie\/\",\"url\":\"https:\/\/riprem.net\/galerie\/\",\"name\":\"Galerie - riprem\",\"isPartOf\":{\"@id\":\"https:\/\/riprem.net\/fr\/#website\"},\"datePublished\":\"2024-07-17T12:00:55+00:00\",\"dateModified\":\"2024-07-30T16:05:44+00:00\",\"breadcrumb\":{\"@id\":\"https:\/\/riprem.net\/galerie\/#breadcrumb\"},\"inLanguage\":\"en-US\",\"potentialAction\":[{\"@type\":\"ReadAction\",\"target\":[\"https:\/\/riprem.net\/galerie\/\"]}]},{\"@type\":\"BreadcrumbList\",\"@id\":\"https:\/\/riprem.net\/galerie\/#breadcrumb\",\"itemListElement\":[{\"@type\":\"ListItem\",\"position\":1,\"name\":\"Accueil\",\"item\":\"https:\/\/riprem.net\/\"},{\"@type\":\"ListItem\",\"position\":2,\"name\":\"Galerie\"}]},{\"@type\":\"WebSite\",\"@id\":\"https:\/\/riprem.net\/fr\/#website\",\"url\":\"https:\/\/riprem.net\/fr\/\",\"name\":\"RIPREM\",\"description\":\"\",\"publisher\":{\"@id\":\"https:\/\/riprem.net\/fr\/#organization\"},\"potentialAction\":[{\"@type\":\"SearchAction\",\"target\":{\"@type\":\"EntryPoint\",\"urlTemplate\":\"https:\/\/riprem.net\/fr\/?s={search_term_string}\"},\"query-input\":\"required name=search_term_string\"}],\"inLanguage\":\"en-US\"},{\"@type\":\"Organization\",\"@id\":\"https:\/\/riprem.net\/fr\/#organization\",\"name\":\"RIPREM\",\"url\":\"https:\/\/riprem.net\/fr\/\",\"logo\":{\"@type\":\"ImageObject\",\"inLanguage\":\"en-US\",\"@id\":\"https:\/\/riprem.net\/fr\/#\/schema\/logo\/image\/\",\"url\":\"https:\/\/riprem.net\/wp-content\/uploads\/2024\/07\/RIPREM-Logo-transformed.png\",\"contentUrl\":\"https:\/\/riprem.net\/wp-content\/uploads\/2024\/07\/RIPREM-Logo-transformed.png\",\"width\":153,\"height\":90,\"caption\":\"RIPREM\"},\"image\":{\"@id\":\"https:\/\/riprem.net\/fr\/#\/schema\/logo\/image\/\"},\"sameAs\":[\"https:\/\/www.facebook.com\/Riprem.org\/\",\"https:\/\/x.com\/RipremC\"]}]}<\/script>\n<!-- \/ Yoast SEO plugin. -->","yoast_head_json":{"title":"Galerie","description":"[et_pb_section fb_built=\"1\" admin_label=\"Header\" _builder_version=\"4.27.0\" _module_preset=\"default\" use_background_color_gradient=\"on\" background_color_gradient_stops=\"rgba(83,43,168,0.43) 0%|rgba(83,43,168,0.43) 100%\" background_color_gradient_overlays_image=\"on\" background_image=\"https:\/\/riprem.net\/wp-content\/uploads\/2024\/07\/IMG-20221213-WA0003-1024x667-1.jpg\" parallax=\"on\" custom_padding=\"8vw||8vw||true|false\" border_width_all=\"5px\" border_color_all=\"#57bb2c\" locked=\"off\" collapsed=\"on\" global_colors_info=\"{}\"][et_pb_row _builder_version=\"4.22.0\" _module_preset=\"default\" global_colors_info=\"{}\"][et_pb_column type=\"4_4\" _builder_version=\"4.22.0\" _module_preset=\"default\" global_colors_info=\"{}\"][et_pb_text content_tablet=\"Galerie\" content_phone=\"Galerie\" content_last_edited=\"on|phone\" _builder_version=\"4.27.0\" _module_preset=\"default\" header_font=\"Manrope|800|||||||\" header_text_align=\"center\" header_text_color=\"#FFFFFF\" header_font_size=\"100px\" header_3_font=\"Manrope|800|||||||\" header_3_text_align=\"center\" header_3_text_color=\"#FFFFFF\" header_3_font_size=\"50px\" global_colors_info=\"{}\"]Galerie[\/et_pb_text][\/et_pb_column][\/et_pb_row][\/et_pb_section][et_pb_section fb_built=\"1\" _builder_version=\"4.27.0\" _module_preset=\"default\" background_color=\"rgba(221,232,234,0.55)\" custom_padding=\"||29px|||\" global_colors_info=\"{}\"][et_pb_row _builder_version=\"4.27.0\" _module_preset=\"default\" global_colors_info=\"{}\"][et_pb_column type=\"4_4\" _builder_version=\"4.27.0\" _module_preset=\"default\" global_colors_info=\"{}\"][et_pb_text content_tablet=\"Moments Inoubliables en&hellip;","robots":{"index":"index","follow":"follow","max-snippet":"max-snippet:-1","max-image-preview":"max-image-preview:large","max-video-preview":"max-video-preview:-1"},"canonical":"https:\/\/riprem.net\/galerie\/","og_locale":"en_US","og_type":"article","og_title":"Galerie","og_description":"[et_pb_section fb_built=\"1\" admin_label=\"Header\" _builder_version=\"4.27.0\" _module_preset=\"default\" use_background_color_gradient=\"on\" background_color_gradient_stops=\"rgba(83,43,168,0.43) 0%|rgba(83,43,168,0.43) 100%\" background_color_gradient_overlays_image=\"on\" background_image=\"https:\/\/riprem.net\/wp-content\/uploads\/2024\/07\/IMG-20221213-WA0003-1024x667-1.jpg\" parallax=\"on\" custom_padding=\"8vw||8vw||true|false\" border_width_all=\"5px\" border_color_all=\"#57bb2c\" locked=\"off\" collapsed=\"on\" global_colors_info=\"{}\"][et_pb_row _builder_version=\"4.22.0\" _module_preset=\"default\" global_colors_info=\"{}\"][et_pb_column type=\"4_4\" _builder_version=\"4.22.0\" _module_preset=\"default\" global_colors_info=\"{}\"][et_pb_text content_tablet=\"Galerie\" content_phone=\"Galerie\" content_last_edited=\"on|phone\" _builder_version=\"4.27.0\" _module_preset=\"default\" header_font=\"Manrope|800|||||||\" header_text_align=\"center\" header_text_color=\"#FFFFFF\" header_font_size=\"100px\" header_3_font=\"Manrope|800|||||||\" header_3_text_align=\"center\" header_3_text_color=\"#FFFFFF\" header_3_font_size=\"50px\" global_colors_info=\"{}\"]Galerie[\/et_pb_text][\/et_pb_column][\/et_pb_row][\/et_pb_section][et_pb_section fb_built=\"1\" _builder_version=\"4.27.0\" _module_preset=\"default\" background_color=\"rgba(221,232,234,0.55)\" custom_padding=\"||29px|||\" global_colors_info=\"{}\"][et_pb_row _builder_version=\"4.27.0\" _module_preset=\"default\" global_colors_info=\"{}\"][et_pb_column type=\"4_4\" _builder_version=\"4.27.0\" _module_preset=\"default\" global_colors_info=\"{}\"][et_pb_text content_tablet=\"Moments Inoubliables en&hellip;","og_url":"https:\/\/riprem.net\/galerie\/","og_site_name":"riprem","article_publisher":"https:\/\/www.facebook.com\/Riprem.org\/","article_modified_time":"2024-07-30T16:05:44+00:00","twitter_card":"summary_large_image","twitter_site":"@RipremC","twitter_misc":{"Est. reading time":"4 minutes"},"schema":{"@context":"https:\/\/schema.org","@graph":[{"@type":"WebPage","@id":"https:\/\/riprem.net\/galerie\/","url":"https:\/\/riprem.net\/galerie\/","name":"Galerie - riprem","isPartOf":{"@id":"https:\/\/riprem.net\/fr\/#website"},"datePublished":"2024-07-17T12:00:55+00:00","dateModified":"2024-07-30T16:05:44+00:00","breadcrumb":{"@id":"https:\/\/riprem.net\/galerie\/#breadcrumb"},"inLanguage":"en-US","potentialAction":[{"@type":"ReadAction","target":["https:\/\/riprem.net\/galerie\/"]}]},{"@type":"BreadcrumbList","@id":"https:\/\/riprem.net\/galerie\/#breadcrumb","itemListElement":[{"@type":"ListItem","position":1,"name":"Accueil","item":"https:\/\/riprem.net\/"},{"@type":"ListItem","position":2,"name":"Galerie"}]},{"@type":"WebSite","@id":"https:\/\/riprem.net\/fr\/#website","url":"https:\/\/riprem.net\/fr\/","name":"RIPREM","description":"","publisher":{"@id":"https:\/\/riprem.net\/fr\/#organization"},"potentialAction":[{"@type":"SearchAction","target":{"@type":"EntryPoint","urlTemplate":"https:\/\/riprem.net\/fr\/?s={search_term_string}"},"query-input":"required name=search_term_string"}],"inLanguage":"en-US"},{"@type":"Organization","@id":"https:\/\/riprem.net\/fr\/#organization","name":"RIPREM","url":"https:\/\/riprem.net\/fr\/","logo":{"@type":"ImageObject","inLanguage":"en-US","@id":"https:\/\/riprem.net\/fr\/#\/schema\/logo\/image\/","url":"https:\/\/riprem.net\/wp-content\/uploads\/2024\/07\/RIPREM-Logo-transformed.png","contentUrl":"https:\/\/riprem.net\/wp-content\/uploads\/2024\/07\/RIPREM-Logo-transformed.png","width":153,"height":90,"caption":"RIPREM"},"image":{"@id":"https:\/\/riprem.net\/fr\/#\/schema\/logo\/image\/"},"sameAs":["https:\/\/www.facebook.com\/Riprem.org\/","https:\/\/x.com\/RipremC"]}]}},"_links":{"self":[{"href":"https:\/\/riprem.net\/wp-json\/wp\/v2\/pages\/801"}],"collection":[{"href":"https:\/\/riprem.net\/wp-json\/wp\/v2\/pages"}],"about":[{"href":"https:\/\/riprem.net\/wp-json\/wp\/v2\/types\/page"}],"author":[{"embeddable":true,"href":"https:\/\/riprem.net\/wp-json\/wp\/v2\/users\/1"}],"replies":[{"embeddable":true,"href":"https:\/\/riprem.net\/wp-json\/wp\/v2\/comments?post=801"}],"version-history":[{"count":15,"href":"https:\/\/riprem.net\/wp-json\/wp\/v2\/pages\/801\/revisions"}],"predecessor-version":[{"id":2104,"href":"https:\/\/riprem.net\/wp-json\/wp\/v2\/pages\/801\/revisions\/2104"}],"wp:attachment":[{"href":"https:\/\/riprem.net\/wp-json\/wp\/v2\/media?parent=801"}],"curies":[{"name":"wp","href":"https:\/\/api.w.org\/{rel}","templated":true}]}}