{"id":807,"date":"2024-07-17T14:03:00","date_gmt":"2024-07-17T12:03:00","guid":{"rendered":"https:\/\/riprem.net\/?page_id=807"},"modified":"2024-08-04T22:16:20","modified_gmt":"2024-08-04T20:16:20","slug":"notre-mission","status":"publish","type":"page","link":"https:\/\/riprem.net\/notre-mission\/","title":{"rendered":"Notre Mission"},"content":{"rendered":"<p>[et_pb_section fb_built=&#8221;1&#8243; admin_label=&#8221;Header&#8221; _builder_version=&#8221;4.27.0&#8243; _module_preset=&#8221;default&#8221; use_background_color_gradient=&#8221;on&#8221; background_color_gradient_stops=&#8221;rgba(83,43,168,0.43) 0%|rgba(83,43,168,0.43) 100%&#8221; background_color_gradient_overlays_image=&#8221;on&#8221; background_image=&#8221;https:\/\/riprem.net\/wp-content\/uploads\/2024\/07\/IMG-20221213-WA0003-1024&#215;667-1.jpg&#8221; parallax=&#8221;on&#8221; custom_padding=&#8221;8vw||8vw||true|false&#8221; border_width_all=&#8221;5px&#8221; border_color_all=&#8221;#57bb2c&#8221; locked=&#8221;off&#8221; collapsed=&#8221;on&#8221; global_colors_info=&#8221;{}&#8221;][et_pb_row _builder_version=&#8221;4.22.0&#8243; _module_preset=&#8221;default&#8221; global_colors_info=&#8221;{}&#8221;][et_pb_column type=&#8221;4_4&#8243; _builder_version=&#8221;4.22.0&#8243; _module_preset=&#8221;default&#8221; global_colors_info=&#8221;{}&#8221;][et_pb_text content_tablet=&#8221;<\/p>\n<h1 class=%22elementor-heading-title elementor-size-default%22>Notre Mission<\/h1>\n<p>&#8221; content_phone=&#8221;<\/p>\n<h3 class=%22elementor-heading-title elementor-size-default%22>Notre Mission<\/h3>\n<p>&#8221; content_last_edited=&#8221;on|phone&#8221; _builder_version=&#8221;4.27.0&#8243; _module_preset=&#8221;default&#8221; header_font=&#8221;Manrope|800|||||||&#8221; header_text_align=&#8221;center&#8221; header_text_color=&#8221;#FFFFFF&#8221; header_font_size=&#8221;100px&#8221; header_3_font=&#8221;Manrope|800|||||||&#8221; header_3_text_align=&#8221;center&#8221; header_3_text_color=&#8221;#FFFFFF&#8221; header_3_font_size=&#8221;50px&#8221; hover_enabled=&#8221;0&#8243; global_colors_info=&#8221;{}&#8221; sticky_enabled=&#8221;0&#8243;]<\/p>\n<h1 class=\"elementor-heading-title elementor-size-default\">Notre Mission<\/h1>\n<p>[\/et_pb_text][\/et_pb_column][\/et_pb_row][\/et_pb_section][et_pb_section fb_built=&#8221;1&#8243; _builder_version=&#8221;4.27.0&#8243; _module_preset=&#8221;default&#8221; background_color=&#8221;rgba(221,232,234,0.55)&#8221; global_colors_info=&#8221;{}&#8221;][et_pb_row _builder_version=&#8221;4.27.0&#8243; _module_preset=&#8221;default&#8221; global_colors_info=&#8221;{}&#8221;][et_pb_column type=&#8221;4_4&#8243; _builder_version=&#8221;4.27.0&#8243; _module_preset=&#8221;default&#8221; global_colors_info=&#8221;{}&#8221;][et_pb_text _builder_version=&#8221;4.27.0&#8243; _module_preset=&#8221;default&#8221; header_2_font=&#8221;Manrope|800|||||||&#8221; header_2_text_align=&#8221;left&#8221; header_2_text_color=&#8221;#101010&#8243; header_2_font_size=&#8221;45px&#8221; header_2_font_size_tablet=&#8221;45px&#8221; header_2_font_size_phone=&#8221;32px&#8221; header_2_font_size_last_edited=&#8221;on|phone&#8221; global_colors_info=&#8221;{}&#8221;]<\/p>\n<h2 class=\"ekit-heading--title elementskit-section-title \">Initiatives<span>\u00a0<\/span><span> <\/span><span style=\"color: #57bb2c;\"><em>Multidisciplinaires <\/em><\/span><\/h2>\n<p>[\/et_pb_text][et_pb_text _builder_version=&#8221;4.27.0&#8243; _module_preset=&#8221;default&#8221; text_font=&#8221;Manrope|600|||||||&#8221; text_font_size=&#8221;16px&#8221; text_orientation=&#8221;justified&#8221; module_alignment=&#8221;center&#8221; global_colors_info=&#8221;{}&#8221;]<\/p>\n<p><span>Au c\u0153ur de notre mission r\u00e9side la volont\u00e9 d&#8217;initier et de coordonner une vari\u00e9t\u00e9 de projets et de programmes, couvrant des domaines aussi divers que le culturel, l&#8217;\u00e9conomique, le social, l&#8217;\u00e9ducatif, l&#8217;agricole, le sanitaire et l&#8217;environnemental. Nous nous effor\u00e7ons activement de rechercher des fonds pour soutenir ces initiatives, de mobiliser nos membres et nos partenaires communautaires, et d&#8217;organiser des \u00e9v\u00e9nements \u00e9ducatifs et culturels visant \u00e0 renforcer la coh\u00e9sion sociale et \u00e0 sensibiliser nos communaut\u00e9s aux enjeux cruciaux de notre \u00e9poque.<\/span><\/p>\n<p>[\/et_pb_text][\/et_pb_column][\/et_pb_row][\/et_pb_section][et_pb_section fb_built=&#8221;1&#8243; _builder_version=&#8221;4.27.0&#8243; _module_preset=&#8221;default&#8221; global_colors_info=&#8221;{}&#8221;][et_pb_row _builder_version=&#8221;4.27.0&#8243; _module_preset=&#8221;default&#8221; background_image=&#8221;https:\/\/riprem.net\/wp-content\/uploads\/2024\/07\/RIPREM-203-scaled-qktbi9y6ezpqg4v3xmd6h31ljzut83rtjfmajfzo1c.jpg&#8221; custom_padding=&#8221;0px||0px||false|false&#8221; hover_enabled=&#8221;0&#8243; global_colors_info=&#8221;{}&#8221; sticky_enabled=&#8221;0&#8243; max_width_last_edited=&#8221;on|phone&#8221; max_width=&#8221;80%&#8221; max_width_phone=&#8221;95%&#8221; width_last_edited=&#8221;on|phone&#8221; width_phone=&#8221;95%&#8221; max_width_tablet=&#8221;80%&#8221;][et_pb_column type=&#8221;4_4&#8243; _builder_version=&#8221;4.27.0&#8243; _module_preset=&#8221;default&#8221; global_colors_info=&#8221;{}&#8221;][et_pb_text _builder_version=&#8221;4.27.0&#8243; _module_preset=&#8221;default&#8221; text_font=&#8221;Hind||||||||&#8221; text_text_color=&#8221;#000000&#8243; text_font_size=&#8221;24px&#8221; header_font=&#8221;Merriweather|900|||||||&#8221; header_font_size=&#8221;3em&#8221; background_color=&#8221;#FFFFFF&#8221; text_orientation=&#8221;justified&#8221; custom_margin=&#8221;0px|0px|0px|0px|false|false&#8221; custom_padding=&#8221;10.4%|10%|10%|10%|false|false&#8221; hover_enabled=&#8221;0&#8243; border_width_all=&#8221;8px&#8221; border_color_all=&#8221;#996800&#8243; global_colors_info=&#8221;{}&#8221; sticky_enabled=&#8221;0&#8243; content_last_edited=&#8221;on|desktop&#8221; header_font_size_last_edited=&#8221;on|tablet&#8221; header_font_size_phone=&#8221;1.4em&#8221; header_font_size_tablet=&#8221;1.7em&#8221; custom_css_main_element=&#8221;opacity: 0.7;&#8221; header_text_align=&#8221;left&#8221; content_tablet=&#8221;<\/p>\n<h1 class=%22elementor-heading-title elementor-size-default%22>Coordination de Projets et Programmes<\/h1>\n<p><span><\/span><\/p>\n<p><span><\/span><\/p>\n<p><span>Notre mission est d\u2019initier et de coordonner des projets et des programmes dans divers domaines, allant du culturel \u00e0 l\u2019environnemental. Nous nous engageons \u00e0 identifier les besoins de nos communaut\u00e9s et \u00e0 \u00e9laborer des solutions innovantes et durables pour y r\u00e9pondre. En mobilisant nos ressources et en collaborant avec des partenaires locaux et internationaux, nous visons \u00e0 cr\u00e9er un impact significatif et positif dans nos r\u00e9gions d\u2019intervention, contribuant ainsi \u00e0 l\u2019am\u00e9lioration du bien-\u00eatre et au d\u00e9veloppement durable.<\/span><\/p>\n<p>&#8221; content_phone=&#8221;<\/p>\n<h1 class=%22elementor-heading-title elementor-size-default%22>Coordination de Projets et Programmes<\/h1>\n<p><span><\/span><\/p>\n<p><span><\/span><\/p>\n<p><span>Notre mission est d\u2019initier et de coordonner des projets et des programmes dans divers domaines, allant du culturel \u00e0 l\u2019environnemental. Nous nous engageons \u00e0 identifier les besoins de nos communaut\u00e9s et \u00e0 \u00e9laborer des solutions innovantes et durables pour y r\u00e9pondre. En mobilisant nos ressources et en collaborant avec des partenaires locaux et internationaux, nous visons \u00e0 cr\u00e9er un impact significatif et positif dans nos r\u00e9gions d\u2019intervention, contribuant ainsi \u00e0 l\u2019am\u00e9lioration du bien-\u00eatre et au d\u00e9veloppement durable.<\/span><\/p>\n<p>&#8220;]<\/p>\n<h1 class=\"elementor-heading-title elementor-size-default\">Coordination de Projets et Programmes<\/h1>\n<p><span><\/span><\/p>\n<p><span><\/span><\/p>\n<p><span>Notre mission est d\u2019initier et de coordonner des projets et des programmes dans divers domaines, allant du culturel \u00e0 l\u2019environnemental. Nous nous engageons \u00e0 identifier les besoins de nos communaut\u00e9s et \u00e0 \u00e9laborer des solutions innovantes et durables pour y r\u00e9pondre. En mobilisant nos ressources et en collaborant avec des partenaires locaux et internationaux, nous visons \u00e0 cr\u00e9er un impact significatif et positif dans nos r\u00e9gions d\u2019intervention, contribuant ainsi \u00e0 l\u2019am\u00e9lioration du bien-\u00eatre et au d\u00e9veloppement durable.<\/span><\/p>\n<p>[\/et_pb_text][\/et_pb_column][\/et_pb_row][\/et_pb_section][et_pb_section fb_built=&#8221;1&#8243; _builder_version=&#8221;4.27.0&#8243; _module_preset=&#8221;default&#8221; global_colors_info=&#8221;{}&#8221;][et_pb_row _builder_version=&#8221;4.27.0&#8243; _module_preset=&#8221;default&#8221; custom_padding=&#8221;0px||0px||false|false&#8221; global_colors_info=&#8221;{}&#8221; sticky_enabled=&#8221;0&#8243; background_image=&#8221;https:\/\/riprem.net\/wp-content\/uploads\/2024\/07\/RIPREM-203-scaled-qktbi9y6ezpqg4v3xmd6h31ljzut83rtjfmajfzo1c.jpg&#8221; max_width=&#8221;80%&#8221; max_width_phone=&#8221;95%&#8221; max_width_last_edited=&#8221;on|phone&#8221; width_phone=&#8221;95%&#8221; width_last_edited=&#8221;on|phone&#8221; max_width_tablet=&#8221;80%&#8221;][et_pb_column type=&#8221;4_4&#8243; _builder_version=&#8221;4.27.0&#8243; _module_preset=&#8221;default&#8221; global_colors_info=&#8221;{}&#8221;][et_pb_text _builder_version=&#8221;4.27.0&#8243; _module_preset=&#8221;default&#8221; text_font=&#8221;Hind||||||||&#8221; text_text_color=&#8221;#000000&#8243; text_font_size=&#8221;24px&#8221; header_font=&#8221;Merriweather|900|||||||&#8221; header_font_size=&#8221;3em&#8221; text_orientation=&#8221;justified&#8221; custom_margin=&#8221;0px|0px|0px|0px|false|false&#8221; custom_padding=&#8221;10.4%|10%|10%|10%|false|false&#8221; border_width_all=&#8221;8px&#8221; border_color_all=&#8221;#996800&#8243; global_colors_info=&#8221;{}&#8221; header_font_size_tablet=&#8221;1.7em&#8221; header_font_size_phone=&#8221;1.4em&#8221; header_font_size_last_edited=&#8221;on|tablet&#8221; background_color=&#8221;#FFFFFF&#8221; custom_css_main_element=&#8221;opacity: 0.7;&#8221; header_text_align=&#8221;left&#8221;]<\/p>\n<h1 class=\"elementor-heading-title elementor-size-default\">\u00c9v\u00e9nements \u00c9ducatifs et Coh\u00e9sion Sociale<\/h1>\n<p><span><\/span><\/p>\n<p><span><\/span><\/p>\n<p><span><\/span><\/p>\n<p><span>Dans le cadre de notre mission, nous organisons des \u00e9v\u00e9nements \u00e9ducatifs et culturels visant \u00e0 sensibiliser et \u00e0 mobiliser nos communaut\u00e9s autour des enjeux socio-\u00e9conomiques et environnementaux. Nous croyons en l\u2019importance de renforcer la coh\u00e9sion sociale et la solidarit\u00e9 au sein de notre r\u00e9seau et avec nos partenaires communautaires. En favorisant l\u2019\u00e9change de connaissances et d\u2019exp\u00e9riences, nous cr\u00e9ons des opportunit\u00e9s d\u2019apprentissage mutuel et d\u2019engagement citoyen, contribuant ainsi \u00e0 l\u2019autonomisation et \u00e0 l\u2019\u00e9panouissement de nos membres et de nos communaut\u00e9s.<\/span>[\/et_pb_text][\/et_pb_column][\/et_pb_row][\/et_pb_section]<\/p>\n","protected":false},"excerpt":{"rendered":"<p>Notre MissionInitiatives\u00a0 Multidisciplinaires Au c\u0153ur de notre mission r\u00e9side la volont\u00e9 d&#8217;initier et de coordonner une vari\u00e9t\u00e9 de projets et de programmes, couvrant des domaines aussi divers que le culturel, l&#8217;\u00e9conomique, le social, l&#8217;\u00e9ducatif, l&#8217;agricole, le sanitaire et l&#8217;environnemental. Nous nous effor\u00e7ons activement de rechercher des fonds pour soutenir ces initiatives, de mobiliser nos membres [&hellip;]<\/p>\n","protected":false},"author":1,"featured_media":0,"parent":0,"menu_order":0,"comment_status":"closed","ping_status":"closed","template":"","meta":{"_et_pb_use_builder":"on","_et_pb_old_content":"<!-- wp:divi\/placeholder \/-->","_et_gb_content_width":"","footnotes":""},"class_list":["post-807","page","type-page","status-publish","hentry"],"yoast_head":"<!-- This site is optimized with the Yoast SEO plugin v23.1 - https:\/\/yoast.com\/wordpress\/plugins\/seo\/ -->\n<title>Notre Mission<\/title>\n<meta name=\"description\" content=\"[et_pb_section fb_built=&quot;1&quot; admin_label=&quot;Header&quot; _builder_version=&quot;4.27.0&quot; _module_preset=&quot;default&quot; use_background_color_gradient=&quot;on&quot; background_color_gradient_stops=&quot;rgba(83,43,168,0.43) 0%|rgba(83,43,168,0.43) 100%&quot; background_color_gradient_overlays_image=&quot;on&quot; background_image=&quot;https:\/\/riprem.net\/wp-content\/uploads\/2024\/07\/IMG-20221213-WA0003-1024x667-1.jpg&quot; parallax=&quot;on&quot; custom_padding=&quot;8vw||8vw||true|false&quot; border_width_all=&quot;5px&quot; border_color_all=&quot;#57bb2c&quot; locked=&quot;off&quot; collapsed=&quot;on&quot; global_colors_info=&quot;{}&quot;][et_pb_row _builder_version=&quot;4.22.0&quot; _module_preset=&quot;default&quot; global_colors_info=&quot;{}&quot;][et_pb_column type=&quot;4_4&quot; _builder_version=&quot;4.22.0&quot; _module_preset=&quot;default&quot; global_colors_info=&quot;{}&quot;][et_pb_text content_tablet=&quot;Notre Mission&quot; content_phone=&quot;Notre Mission&quot; content_last_edited=&quot;on|phone&quot; _builder_version=&quot;4.27.0&quot; _module_preset=&quot;default&quot; header_font=&quot;Manrope|800|||||||&quot; header_text_align=&quot;center&quot; header_text_color=&quot;#FFFFFF&quot; header_font_size=&quot;100px&quot; header_3_font=&quot;Manrope|800|||||||&quot; header_3_text_align=&quot;center&quot; header_3_text_color=&quot;#FFFFFF&quot; header_3_font_size=&quot;50px&quot; hover_enabled=&quot;0&quot; global_colors_info=&quot;{}&quot; sticky_enabled=&quot;0&quot;]Notre Mission[\/et_pb_text][\/et_pb_column][\/et_pb_row][\/et_pb_section][et_pb_section fb_built=&quot;1&quot; _builder_version=&quot;4.27.0&quot; _module_preset=&quot;default&quot; background_color=&quot;rgba(221,232,234,0.55)&quot; global_colors_info=&quot;{}&quot;][et_pb_row _builder_version=&quot;4.27.0&quot; _module_preset=&quot;default&quot; global_colors_info=&quot;{}&quot;][et_pb_column type=&quot;4_4&quot; _builder_version=&quot;4.27.0&quot; _module_preset=&quot;default&quot;&hellip;\" \/>\n<meta name=\"robots\" content=\"index, follow, max-snippet:-1, max-image-preview:large, max-video-preview:-1\" \/>\n<link rel=\"canonical\" href=\"https:\/\/riprem.net\/notre-mission\/\" \/>\n<meta property=\"og:locale\" content=\"en_US\" \/>\n<meta property=\"og:type\" content=\"article\" \/>\n<meta property=\"og:title\" content=\"Notre Mission\" \/>\n<meta property=\"og:description\" content=\"[et_pb_section fb_built=&quot;1&quot; admin_label=&quot;Header&quot; _builder_version=&quot;4.27.0&quot; _module_preset=&quot;default&quot; use_background_color_gradient=&quot;on&quot; background_color_gradient_stops=&quot;rgba(83,43,168,0.43) 0%|rgba(83,43,168,0.43) 100%&quot; background_color_gradient_overlays_image=&quot;on&quot; background_image=&quot;https:\/\/riprem.net\/wp-content\/uploads\/2024\/07\/IMG-20221213-WA0003-1024x667-1.jpg&quot; parallax=&quot;on&quot; custom_padding=&quot;8vw||8vw||true|false&quot; border_width_all=&quot;5px&quot; border_color_all=&quot;#57bb2c&quot; locked=&quot;off&quot; collapsed=&quot;on&quot; global_colors_info=&quot;{}&quot;][et_pb_row _builder_version=&quot;4.22.0&quot; _module_preset=&quot;default&quot; global_colors_info=&quot;{}&quot;][et_pb_column type=&quot;4_4&quot; _builder_version=&quot;4.22.0&quot; _module_preset=&quot;default&quot; global_colors_info=&quot;{}&quot;][et_pb_text content_tablet=&quot;Notre Mission&quot; content_phone=&quot;Notre Mission&quot; content_last_edited=&quot;on|phone&quot; _builder_version=&quot;4.27.0&quot; _module_preset=&quot;default&quot; header_font=&quot;Manrope|800|||||||&quot; header_text_align=&quot;center&quot; header_text_color=&quot;#FFFFFF&quot; header_font_size=&quot;100px&quot; header_3_font=&quot;Manrope|800|||||||&quot; header_3_text_align=&quot;center&quot; header_3_text_color=&quot;#FFFFFF&quot; header_3_font_size=&quot;50px&quot; hover_enabled=&quot;0&quot; global_colors_info=&quot;{}&quot; sticky_enabled=&quot;0&quot;]Notre Mission[\/et_pb_text][\/et_pb_column][\/et_pb_row][\/et_pb_section][et_pb_section fb_built=&quot;1&quot; _builder_version=&quot;4.27.0&quot; _module_preset=&quot;default&quot; background_color=&quot;rgba(221,232,234,0.55)&quot; global_colors_info=&quot;{}&quot;][et_pb_row _builder_version=&quot;4.27.0&quot; _module_preset=&quot;default&quot; global_colors_info=&quot;{}&quot;][et_pb_column type=&quot;4_4&quot; _builder_version=&quot;4.27.0&quot; _module_preset=&quot;default&quot;&hellip;\" \/>\n<meta property=\"og:url\" content=\"https:\/\/riprem.net\/notre-mission\/\" \/>\n<meta property=\"og:site_name\" content=\"riprem\" \/>\n<meta property=\"article:publisher\" content=\"https:\/\/www.facebook.com\/Riprem.org\/\" \/>\n<meta property=\"article:modified_time\" content=\"2024-08-04T20:16:20+00:00\" \/>\n<meta name=\"twitter:card\" content=\"summary_large_image\" \/>\n<meta name=\"twitter:site\" content=\"@RipremC\" \/>\n<meta name=\"twitter:label1\" content=\"Est. reading time\" \/>\n\t<meta name=\"twitter:data1\" content=\"5 minutes\" \/>\n<script type=\"application\/ld+json\" class=\"yoast-schema-graph\">{\"@context\":\"https:\/\/schema.org\",\"@graph\":[{\"@type\":\"WebPage\",\"@id\":\"https:\/\/riprem.net\/notre-mission\/\",\"url\":\"https:\/\/riprem.net\/notre-mission\/\",\"name\":\"Notre Mission - riprem\",\"isPartOf\":{\"@id\":\"https:\/\/riprem.net\/fr\/#website\"},\"datePublished\":\"2024-07-17T12:03:00+00:00\",\"dateModified\":\"2024-08-04T20:16:20+00:00\",\"breadcrumb\":{\"@id\":\"https:\/\/riprem.net\/notre-mission\/#breadcrumb\"},\"inLanguage\":\"en-US\",\"potentialAction\":[{\"@type\":\"ReadAction\",\"target\":[\"https:\/\/riprem.net\/notre-mission\/\"]}]},{\"@type\":\"BreadcrumbList\",\"@id\":\"https:\/\/riprem.net\/notre-mission\/#breadcrumb\",\"itemListElement\":[{\"@type\":\"ListItem\",\"position\":1,\"name\":\"Accueil\",\"item\":\"https:\/\/riprem.net\/\"},{\"@type\":\"ListItem\",\"position\":2,\"name\":\"Notre Mission\"}]},{\"@type\":\"WebSite\",\"@id\":\"https:\/\/riprem.net\/fr\/#website\",\"url\":\"https:\/\/riprem.net\/fr\/\",\"name\":\"RIPREM\",\"description\":\"\",\"publisher\":{\"@id\":\"https:\/\/riprem.net\/fr\/#organization\"},\"potentialAction\":[{\"@type\":\"SearchAction\",\"target\":{\"@type\":\"EntryPoint\",\"urlTemplate\":\"https:\/\/riprem.net\/fr\/?s={search_term_string}\"},\"query-input\":\"required name=search_term_string\"}],\"inLanguage\":\"en-US\"},{\"@type\":\"Organization\",\"@id\":\"https:\/\/riprem.net\/fr\/#organization\",\"name\":\"RIPREM\",\"url\":\"https:\/\/riprem.net\/fr\/\",\"logo\":{\"@type\":\"ImageObject\",\"inLanguage\":\"en-US\",\"@id\":\"https:\/\/riprem.net\/fr\/#\/schema\/logo\/image\/\",\"url\":\"https:\/\/riprem.net\/wp-content\/uploads\/2024\/07\/RIPREM-Logo-transformed.png\",\"contentUrl\":\"https:\/\/riprem.net\/wp-content\/uploads\/2024\/07\/RIPREM-Logo-transformed.png\",\"width\":153,\"height\":90,\"caption\":\"RIPREM\"},\"image\":{\"@id\":\"https:\/\/riprem.net\/fr\/#\/schema\/logo\/image\/\"},\"sameAs\":[\"https:\/\/www.facebook.com\/Riprem.org\/\",\"https:\/\/x.com\/RipremC\"]}]}<\/script>\n<!-- \/ Yoast SEO plugin. -->","yoast_head_json":{"title":"Notre Mission","description":"[et_pb_section fb_built=\"1\" admin_label=\"Header\" _builder_version=\"4.27.0\" _module_preset=\"default\" use_background_color_gradient=\"on\" background_color_gradient_stops=\"rgba(83,43,168,0.43) 0%|rgba(83,43,168,0.43) 100%\" background_color_gradient_overlays_image=\"on\" background_image=\"https:\/\/riprem.net\/wp-content\/uploads\/2024\/07\/IMG-20221213-WA0003-1024x667-1.jpg\" parallax=\"on\" custom_padding=\"8vw||8vw||true|false\" border_width_all=\"5px\" border_color_all=\"#57bb2c\" locked=\"off\" collapsed=\"on\" global_colors_info=\"{}\"][et_pb_row _builder_version=\"4.22.0\" _module_preset=\"default\" global_colors_info=\"{}\"][et_pb_column type=\"4_4\" _builder_version=\"4.22.0\" _module_preset=\"default\" global_colors_info=\"{}\"][et_pb_text content_tablet=\"Notre Mission\" content_phone=\"Notre Mission\" content_last_edited=\"on|phone\" _builder_version=\"4.27.0\" _module_preset=\"default\" header_font=\"Manrope|800|||||||\" header_text_align=\"center\" header_text_color=\"#FFFFFF\" header_font_size=\"100px\" header_3_font=\"Manrope|800|||||||\" header_3_text_align=\"center\" header_3_text_color=\"#FFFFFF\" header_3_font_size=\"50px\" hover_enabled=\"0\" global_colors_info=\"{}\" sticky_enabled=\"0\"]Notre Mission[\/et_pb_text][\/et_pb_column][\/et_pb_row][\/et_pb_section][et_pb_section fb_built=\"1\" _builder_version=\"4.27.0\" _module_preset=\"default\" background_color=\"rgba(221,232,234,0.55)\" global_colors_info=\"{}\"][et_pb_row _builder_version=\"4.27.0\" _module_preset=\"default\" global_colors_info=\"{}\"][et_pb_column type=\"4_4\" _builder_version=\"4.27.0\" _module_preset=\"default\"&hellip;","robots":{"index":"index","follow":"follow","max-snippet":"max-snippet:-1","max-image-preview":"max-image-preview:large","max-video-preview":"max-video-preview:-1"},"canonical":"https:\/\/riprem.net\/notre-mission\/","og_locale":"en_US","og_type":"article","og_title":"Notre Mission","og_description":"[et_pb_section fb_built=\"1\" admin_label=\"Header\" _builder_version=\"4.27.0\" _module_preset=\"default\" use_background_color_gradient=\"on\" background_color_gradient_stops=\"rgba(83,43,168,0.43) 0%|rgba(83,43,168,0.43) 100%\" background_color_gradient_overlays_image=\"on\" background_image=\"https:\/\/riprem.net\/wp-content\/uploads\/2024\/07\/IMG-20221213-WA0003-1024x667-1.jpg\" parallax=\"on\" custom_padding=\"8vw||8vw||true|false\" border_width_all=\"5px\" border_color_all=\"#57bb2c\" locked=\"off\" collapsed=\"on\" global_colors_info=\"{}\"][et_pb_row _builder_version=\"4.22.0\" _module_preset=\"default\" global_colors_info=\"{}\"][et_pb_column type=\"4_4\" _builder_version=\"4.22.0\" _module_preset=\"default\" global_colors_info=\"{}\"][et_pb_text content_tablet=\"Notre Mission\" content_phone=\"Notre Mission\" content_last_edited=\"on|phone\" _builder_version=\"4.27.0\" _module_preset=\"default\" header_font=\"Manrope|800|||||||\" header_text_align=\"center\" header_text_color=\"#FFFFFF\" header_font_size=\"100px\" header_3_font=\"Manrope|800|||||||\" header_3_text_align=\"center\" header_3_text_color=\"#FFFFFF\" header_3_font_size=\"50px\" hover_enabled=\"0\" global_colors_info=\"{}\" sticky_enabled=\"0\"]Notre Mission[\/et_pb_text][\/et_pb_column][\/et_pb_row][\/et_pb_section][et_pb_section fb_built=\"1\" _builder_version=\"4.27.0\" _module_preset=\"default\" background_color=\"rgba(221,232,234,0.55)\" global_colors_info=\"{}\"][et_pb_row _builder_version=\"4.27.0\" _module_preset=\"default\" global_colors_info=\"{}\"][et_pb_column type=\"4_4\" _builder_version=\"4.27.0\" _module_preset=\"default\"&hellip;","og_url":"https:\/\/riprem.net\/notre-mission\/","og_site_name":"riprem","article_publisher":"https:\/\/www.facebook.com\/Riprem.org\/","article_modified_time":"2024-08-04T20:16:20+00:00","twitter_card":"summary_large_image","twitter_site":"@RipremC","twitter_misc":{"Est. reading time":"5 minutes"},"schema":{"@context":"https:\/\/schema.org","@graph":[{"@type":"WebPage","@id":"https:\/\/riprem.net\/notre-mission\/","url":"https:\/\/riprem.net\/notre-mission\/","name":"Notre Mission - riprem","isPartOf":{"@id":"https:\/\/riprem.net\/fr\/#website"},"datePublished":"2024-07-17T12:03:00+00:00","dateModified":"2024-08-04T20:16:20+00:00","breadcrumb":{"@id":"https:\/\/riprem.net\/notre-mission\/#breadcrumb"},"inLanguage":"en-US","potentialAction":[{"@type":"ReadAction","target":["https:\/\/riprem.net\/notre-mission\/"]}]},{"@type":"BreadcrumbList","@id":"https:\/\/riprem.net\/notre-mission\/#breadcrumb","itemListElement":[{"@type":"ListItem","position":1,"name":"Accueil","item":"https:\/\/riprem.net\/"},{"@type":"ListItem","position":2,"name":"Notre Mission"}]},{"@type":"WebSite","@id":"https:\/\/riprem.net\/fr\/#website","url":"https:\/\/riprem.net\/fr\/","name":"RIPREM","description":"","publisher":{"@id":"https:\/\/riprem.net\/fr\/#organization"},"potentialAction":[{"@type":"SearchAction","target":{"@type":"EntryPoint","urlTemplate":"https:\/\/riprem.net\/fr\/?s={search_term_string}"},"query-input":"required name=search_term_string"}],"inLanguage":"en-US"},{"@type":"Organization","@id":"https:\/\/riprem.net\/fr\/#organization","name":"RIPREM","url":"https:\/\/riprem.net\/fr\/","logo":{"@type":"ImageObject","inLanguage":"en-US","@id":"https:\/\/riprem.net\/fr\/#\/schema\/logo\/image\/","url":"https:\/\/riprem.net\/wp-content\/uploads\/2024\/07\/RIPREM-Logo-transformed.png","contentUrl":"https:\/\/riprem.net\/wp-content\/uploads\/2024\/07\/RIPREM-Logo-transformed.png","width":153,"height":90,"caption":"RIPREM"},"image":{"@id":"https:\/\/riprem.net\/fr\/#\/schema\/logo\/image\/"},"sameAs":["https:\/\/www.facebook.com\/Riprem.org\/","https:\/\/x.com\/RipremC"]}]}},"_links":{"self":[{"href":"https:\/\/riprem.net\/wp-json\/wp\/v2\/pages\/807"}],"collection":[{"href":"https:\/\/riprem.net\/wp-json\/wp\/v2\/pages"}],"about":[{"href":"https:\/\/riprem.net\/wp-json\/wp\/v2\/types\/page"}],"author":[{"embeddable":true,"href":"https:\/\/riprem.net\/wp-json\/wp\/v2\/users\/1"}],"replies":[{"embeddable":true,"href":"https:\/\/riprem.net\/wp-json\/wp\/v2\/comments?post=807"}],"version-history":[{"count":17,"href":"https:\/\/riprem.net\/wp-json\/wp\/v2\/pages\/807\/revisions"}],"predecessor-version":[{"id":2182,"href":"https:\/\/riprem.net\/wp-json\/wp\/v2\/pages\/807\/revisions\/2182"}],"wp:attachment":[{"href":"https:\/\/riprem.net\/wp-json\/wp\/v2\/media?parent=807"}],"curies":[{"name":"wp","href":"https:\/\/api.w.org\/{rel}","templated":true}]}}