{"id":815,"date":"2024-07-17T14:04:38","date_gmt":"2024-07-17T12:04:38","guid":{"rendered":"https:\/\/riprem.net\/?page_id=815"},"modified":"2024-08-06T13:47:32","modified_gmt":"2024-08-06T11:47:32","slug":"projets-et-realisations","status":"publish","type":"page","link":"https:\/\/riprem.net\/projets-et-realisations\/","title":{"rendered":"Projets et R\u00e9alisations"},"content":{"rendered":"<p>[et_pb_section fb_built=&#8221;1&#8243; admin_label=&#8221;Header&#8221; _builder_version=&#8221;4.27.0&#8243; _module_preset=&#8221;default&#8221; use_background_color_gradient=&#8221;on&#8221; background_color_gradient_stops=&#8221;rgba(83,43,168,0.43) 0%|rgba(83,43,168,0.43) 100%&#8221; background_color_gradient_overlays_image=&#8221;on&#8221; background_image=&#8221;https:\/\/riprem.net\/wp-content\/uploads\/2024\/07\/IMG-20221213-WA0003-1024&#215;667-1.jpg&#8221; parallax=&#8221;on&#8221; custom_padding=&#8221;8vw||8vw||true|false&#8221; border_width_all=&#8221;5px&#8221; border_color_all=&#8221;#57bb2c&#8221; locked=&#8221;off&#8221; collapsed=&#8221;on&#8221; global_colors_info=&#8221;{}&#8221;][et_pb_row _builder_version=&#8221;4.22.0&#8243; _module_preset=&#8221;default&#8221; global_colors_info=&#8221;{}&#8221;][et_pb_column type=&#8221;4_4&#8243; _builder_version=&#8221;4.22.0&#8243; _module_preset=&#8221;default&#8221; global_colors_info=&#8221;{}&#8221;][et_pb_text content_tablet=&#8221;<\/p>\n<h1 class=%22elementor-heading-title elementor-size-default%22>Projets et R\u00e9alisations<\/h1>\n<p>&#8221; content_phone=&#8221;<\/p>\n<h3 class=%22elementor-heading-title elementor-size-default%22>Projets et R\u00e9alisations<\/h3>\n<p>&#8221; content_last_edited=&#8221;on|phone&#8221; _builder_version=&#8221;4.27.0&#8243; _module_preset=&#8221;default&#8221; header_font=&#8221;Manrope|800|||||||&#8221; header_text_align=&#8221;center&#8221; header_text_color=&#8221;#FFFFFF&#8221; header_font_size=&#8221;100px&#8221; header_3_font=&#8221;Manrope|800|||||||&#8221; header_3_text_align=&#8221;center&#8221; header_3_text_color=&#8221;#FFFFFF&#8221; header_3_font_size=&#8221;50px&#8221; global_colors_info=&#8221;{}&#8221; hover_enabled=&#8221;0&#8243; sticky_enabled=&#8221;0&#8243;]<\/p>\n<h1 class=\"elementor-heading-title elementor-size-default\">Projets et R\u00e9alisations<\/h1>\n<p>[\/et_pb_text][\/et_pb_column][\/et_pb_row][\/et_pb_section][et_pb_section fb_built=&#8221;1&#8243; _builder_version=&#8221;4.27.0&#8243; _module_preset=&#8221;default&#8221; background_color=&#8221;rgba(221,232,234,0.55)&#8221; global_colors_info=&#8221;{}&#8221;][et_pb_row _builder_version=&#8221;4.27.0&#8243; _module_preset=&#8221;default&#8221; global_colors_info=&#8221;{}&#8221;][et_pb_column type=&#8221;4_4&#8243; _builder_version=&#8221;4.27.0&#8243; _module_preset=&#8221;default&#8221; global_colors_info=&#8221;{}&#8221;][et_pb_text _builder_version=&#8221;4.27.0&#8243; _module_preset=&#8221;default&#8221; header_2_font=&#8221;Manrope|800|||||||&#8221; header_2_text_align=&#8221;center&#8221; header_2_text_color=&#8221;#101010&#8243; header_2_font_size=&#8221;45px&#8221; header_2_font_size_tablet=&#8221;45px&#8221; header_2_font_size_phone=&#8221;30px&#8221; header_2_font_size_last_edited=&#8221;on|phone&#8221; global_colors_info=&#8221;{}&#8221;]<\/p>\n<h2 class=\"ekit-heading--title elementskit-section-title \">Vous devriez croire que nous avons bien r\u00e9ussi<span>\u00a0<\/span><\/h2>\n<p>[\/et_pb_text][et_pb_text _builder_version=&#8221;4.27.0&#8243; _module_preset=&#8221;default&#8221; text_font=&#8221;Manrope|600|||||||&#8221; text_font_size=&#8221;16px&#8221; text_orientation=&#8221;justified&#8221; width=&#8221;100%&#8221; max_width=&#8221;100%&#8221; module_alignment=&#8221;center&#8221; global_colors_info=&#8221;{}&#8221;]<\/p>\n<p><span>D\u00e9couvrez nos r\u00e9alisations inspirantes et les projets en cours qui contribuent au d\u00e9veloppement socio-culturel, \u00e9ducatif et communautaire dans les villages du d\u00e9partement du Nd\u00e9. Explorez nos initiatives diverses qui ont un impact positif sur nos communaut\u00e9s et t\u00e9moignent de notre engagement envers un avenir meilleur pour tous.<\/span><\/p>\n<p>[\/et_pb_text][\/et_pb_column][\/et_pb_row][\/et_pb_section][et_pb_section fb_built=&#8221;1&#8243; _builder_version=&#8221;4.27.0&#8243; _module_preset=&#8221;default&#8221; global_colors_info=&#8221;{}&#8221;][et_pb_row _builder_version=&#8221;4.27.0&#8243; _module_preset=&#8221;default&#8221; hover_enabled=&#8221;0&#8243; global_colors_info=&#8221;{}&#8221; max_width=&#8221;90%&#8221; width_last_edited=&#8221;on|phone&#8221; sticky_enabled=&#8221;0&#8243; width_tablet=&#8221;90%&#8221; width_phone=&#8221;90%&#8221;][et_pb_column type=&#8221;4_4&#8243; _builder_version=&#8221;4.27.0&#8243; _module_preset=&#8221;default&#8221; global_colors_info=&#8221;{}&#8221;][brbl_post_grid include_categories=&#8221;15&#8243; order=&#8221;DESC&#8221; post_count=&#8221;12&#8243; date_icon_size=&#8221;17px&#8221; date_icon_color=&#8221;#57bb2c&#8221; column_gap_x=&#8221;10px&#8221; column_gap_y=&#8221;10px&#8221; show_author=&#8221;off&#8221; pagination_type=&#8221;numbers&#8221; column_count_tablet=&#8221;2&#8243; column_count_phone=&#8221;1&#8243; column_count_last_edited=&#8221;on|desktop&#8221; _builder_version=&#8221;4.27.0&#8243; _module_preset=&#8221;default&#8221; title_font=&#8221;Manrope|800|||||||&#8221; title_text_align=&#8221;left&#8221; title_text_color=&#8221;#57bb2c&#8221; excerpt_font=&#8221;Manrope||||||||&#8221; excerpt_text_align=&#8221;justify&#8221; excerpt_text_color=&#8221;#000000&#8243; excerpt_font_size=&#8221;14px&#8221; date_font=&#8221;|600|||||||&#8221; date_text_color=&#8221;#57bb2c&#8221; custom_button=&#8221;on&#8221; text_orientation=&#8221;justified&#8221; hover_enabled=&#8221;0&#8243; border_radii_post=&#8221;on|15px|15px|15px|15px&#8221; border_width_all_post=&#8221;3px&#8221; border_color_all_post=&#8221;#0b4373&#8243; box_shadow_style_post=&#8221;preset1&#8243; global_colors_info=&#8221;{}&#8221; sticky_enabled=&#8221;0&#8243;][\/brbl_post_grid][\/et_pb_column][\/et_pb_row][\/et_pb_section]<\/p>\n","protected":false},"excerpt":{"rendered":"<p>Projets et R\u00e9alisationsVous devriez croire que nous avons bien r\u00e9ussi\u00a0D\u00e9couvrez nos r\u00e9alisations inspirantes et les projets en cours qui contribuent au d\u00e9veloppement socio-culturel, \u00e9ducatif et communautaire dans les villages du d\u00e9partement du Nd\u00e9. Explorez nos initiatives diverses qui ont un impact positif sur nos communaut\u00e9s et t\u00e9moignent de notre engagement envers un avenir meilleur pour [&hellip;]<\/p>\n","protected":false},"author":1,"featured_media":0,"parent":0,"menu_order":0,"comment_status":"closed","ping_status":"closed","template":"","meta":{"_et_pb_use_builder":"on","_et_pb_old_content":"<!-- wp:divi\/placeholder \/-->","_et_gb_content_width":"","footnotes":""},"class_list":["post-815","page","type-page","status-publish","hentry"],"yoast_head":"<!-- This site is optimized with the Yoast SEO plugin v23.1 - https:\/\/yoast.com\/wordpress\/plugins\/seo\/ -->\n<title>Projets et R\u00e9alisations<\/title>\n<meta name=\"description\" content=\"[et_pb_section fb_built=&quot;1&quot; admin_label=&quot;Header&quot; _builder_version=&quot;4.27.0&quot; _module_preset=&quot;default&quot; use_background_color_gradient=&quot;on&quot; background_color_gradient_stops=&quot;rgba(83,43,168,0.43) 0%|rgba(83,43,168,0.43) 100%&quot; background_color_gradient_overlays_image=&quot;on&quot; background_image=&quot;https:\/\/riprem.net\/wp-content\/uploads\/2024\/07\/IMG-20221213-WA0003-1024x667-1.jpg&quot; parallax=&quot;on&quot; custom_padding=&quot;8vw||8vw||true|false&quot; border_width_all=&quot;5px&quot; border_color_all=&quot;#57bb2c&quot; locked=&quot;off&quot; collapsed=&quot;on&quot; global_colors_info=&quot;{}&quot;][et_pb_row _builder_version=&quot;4.22.0&quot; _module_preset=&quot;default&quot; global_colors_info=&quot;{}&quot;][et_pb_column type=&quot;4_4&quot; _builder_version=&quot;4.22.0&quot; _module_preset=&quot;default&quot; global_colors_info=&quot;{}&quot;][et_pb_text content_tablet=&quot;Projets et R\u00e9alisations&quot; content_phone=&quot;Projets et R\u00e9alisations&quot; content_last_edited=&quot;on|phone&quot; _builder_version=&quot;4.27.0&quot; _module_preset=&quot;default&quot; header_font=&quot;Manrope|800|||||||&quot; header_text_align=&quot;center&quot; header_text_color=&quot;#FFFFFF&quot; header_font_size=&quot;100px&quot; header_3_font=&quot;Manrope|800|||||||&quot; header_3_text_align=&quot;center&quot; header_3_text_color=&quot;#FFFFFF&quot; header_3_font_size=&quot;50px&quot; global_colors_info=&quot;{}&quot; hover_enabled=&quot;0&quot; sticky_enabled=&quot;0&quot;]Projets et R\u00e9alisations[\/et_pb_text][\/et_pb_column][\/et_pb_row][\/et_pb_section][et_pb_section fb_built=&quot;1&quot; _builder_version=&quot;4.27.0&quot; _module_preset=&quot;default&quot; background_color=&quot;rgba(221,232,234,0.55)&quot; global_colors_info=&quot;{}&quot;][et_pb_row _builder_version=&quot;4.27.0&quot; _module_preset=&quot;default&quot; global_colors_info=&quot;{}&quot;][et_pb_column&hellip;\" \/>\n<meta name=\"robots\" content=\"index, follow, max-snippet:-1, max-image-preview:large, max-video-preview:-1\" \/>\n<link rel=\"canonical\" href=\"https:\/\/riprem.net\/projets-et-realisations\/\" \/>\n<meta property=\"og:locale\" content=\"en_US\" \/>\n<meta property=\"og:type\" content=\"article\" \/>\n<meta property=\"og:title\" content=\"Projets et R\u00e9alisations\" \/>\n<meta property=\"og:description\" content=\"[et_pb_section fb_built=&quot;1&quot; admin_label=&quot;Header&quot; _builder_version=&quot;4.27.0&quot; _module_preset=&quot;default&quot; use_background_color_gradient=&quot;on&quot; background_color_gradient_stops=&quot;rgba(83,43,168,0.43) 0%|rgba(83,43,168,0.43) 100%&quot; background_color_gradient_overlays_image=&quot;on&quot; background_image=&quot;https:\/\/riprem.net\/wp-content\/uploads\/2024\/07\/IMG-20221213-WA0003-1024x667-1.jpg&quot; parallax=&quot;on&quot; custom_padding=&quot;8vw||8vw||true|false&quot; border_width_all=&quot;5px&quot; border_color_all=&quot;#57bb2c&quot; locked=&quot;off&quot; collapsed=&quot;on&quot; global_colors_info=&quot;{}&quot;][et_pb_row _builder_version=&quot;4.22.0&quot; _module_preset=&quot;default&quot; global_colors_info=&quot;{}&quot;][et_pb_column type=&quot;4_4&quot; _builder_version=&quot;4.22.0&quot; _module_preset=&quot;default&quot; global_colors_info=&quot;{}&quot;][et_pb_text content_tablet=&quot;Projets et R\u00e9alisations&quot; content_phone=&quot;Projets et R\u00e9alisations&quot; content_last_edited=&quot;on|phone&quot; _builder_version=&quot;4.27.0&quot; _module_preset=&quot;default&quot; header_font=&quot;Manrope|800|||||||&quot; header_text_align=&quot;center&quot; header_text_color=&quot;#FFFFFF&quot; header_font_size=&quot;100px&quot; header_3_font=&quot;Manrope|800|||||||&quot; header_3_text_align=&quot;center&quot; header_3_text_color=&quot;#FFFFFF&quot; header_3_font_size=&quot;50px&quot; global_colors_info=&quot;{}&quot; hover_enabled=&quot;0&quot; sticky_enabled=&quot;0&quot;]Projets et R\u00e9alisations[\/et_pb_text][\/et_pb_column][\/et_pb_row][\/et_pb_section][et_pb_section fb_built=&quot;1&quot; _builder_version=&quot;4.27.0&quot; _module_preset=&quot;default&quot; background_color=&quot;rgba(221,232,234,0.55)&quot; global_colors_info=&quot;{}&quot;][et_pb_row _builder_version=&quot;4.27.0&quot; _module_preset=&quot;default&quot; global_colors_info=&quot;{}&quot;][et_pb_column&hellip;\" \/>\n<meta property=\"og:url\" content=\"https:\/\/riprem.net\/projets-et-realisations\/\" \/>\n<meta property=\"og:site_name\" content=\"riprem\" \/>\n<meta property=\"article:publisher\" content=\"https:\/\/www.facebook.com\/Riprem.org\/\" \/>\n<meta property=\"article:modified_time\" content=\"2024-08-06T11:47:32+00:00\" \/>\n<meta name=\"twitter:card\" content=\"summary_large_image\" \/>\n<meta name=\"twitter:site\" content=\"@RipremC\" \/>\n<meta name=\"twitter:label1\" content=\"Est. reading time\" \/>\n\t<meta name=\"twitter:data1\" content=\"3 minutes\" \/>\n<script type=\"application\/ld+json\" class=\"yoast-schema-graph\">{\"@context\":\"https:\/\/schema.org\",\"@graph\":[{\"@type\":\"WebPage\",\"@id\":\"https:\/\/riprem.net\/projets-et-realisations\/\",\"url\":\"https:\/\/riprem.net\/projets-et-realisations\/\",\"name\":\"Projets et R\u00e9alisations - riprem\",\"isPartOf\":{\"@id\":\"https:\/\/riprem.net\/fr\/#website\"},\"datePublished\":\"2024-07-17T12:04:38+00:00\",\"dateModified\":\"2024-08-06T11:47:32+00:00\",\"breadcrumb\":{\"@id\":\"https:\/\/riprem.net\/projets-et-realisations\/#breadcrumb\"},\"inLanguage\":\"en-US\",\"potentialAction\":[{\"@type\":\"ReadAction\",\"target\":[\"https:\/\/riprem.net\/projets-et-realisations\/\"]}]},{\"@type\":\"BreadcrumbList\",\"@id\":\"https:\/\/riprem.net\/projets-et-realisations\/#breadcrumb\",\"itemListElement\":[{\"@type\":\"ListItem\",\"position\":1,\"name\":\"Accueil\",\"item\":\"https:\/\/riprem.net\/\"},{\"@type\":\"ListItem\",\"position\":2,\"name\":\"Projets et R\u00e9alisations\"}]},{\"@type\":\"WebSite\",\"@id\":\"https:\/\/riprem.net\/fr\/#website\",\"url\":\"https:\/\/riprem.net\/fr\/\",\"name\":\"RIPREM\",\"description\":\"\",\"publisher\":{\"@id\":\"https:\/\/riprem.net\/fr\/#organization\"},\"potentialAction\":[{\"@type\":\"SearchAction\",\"target\":{\"@type\":\"EntryPoint\",\"urlTemplate\":\"https:\/\/riprem.net\/fr\/?s={search_term_string}\"},\"query-input\":\"required name=search_term_string\"}],\"inLanguage\":\"en-US\"},{\"@type\":\"Organization\",\"@id\":\"https:\/\/riprem.net\/fr\/#organization\",\"name\":\"RIPREM\",\"url\":\"https:\/\/riprem.net\/fr\/\",\"logo\":{\"@type\":\"ImageObject\",\"inLanguage\":\"en-US\",\"@id\":\"https:\/\/riprem.net\/fr\/#\/schema\/logo\/image\/\",\"url\":\"https:\/\/riprem.net\/wp-content\/uploads\/2024\/07\/RIPREM-Logo-transformed.png\",\"contentUrl\":\"https:\/\/riprem.net\/wp-content\/uploads\/2024\/07\/RIPREM-Logo-transformed.png\",\"width\":153,\"height\":90,\"caption\":\"RIPREM\"},\"image\":{\"@id\":\"https:\/\/riprem.net\/fr\/#\/schema\/logo\/image\/\"},\"sameAs\":[\"https:\/\/www.facebook.com\/Riprem.org\/\",\"https:\/\/x.com\/RipremC\"]}]}<\/script>\n<!-- \/ Yoast SEO plugin. -->","yoast_head_json":{"title":"Projets et R\u00e9alisations","description":"[et_pb_section fb_built=\"1\" admin_label=\"Header\" _builder_version=\"4.27.0\" _module_preset=\"default\" use_background_color_gradient=\"on\" background_color_gradient_stops=\"rgba(83,43,168,0.43) 0%|rgba(83,43,168,0.43) 100%\" background_color_gradient_overlays_image=\"on\" background_image=\"https:\/\/riprem.net\/wp-content\/uploads\/2024\/07\/IMG-20221213-WA0003-1024x667-1.jpg\" parallax=\"on\" custom_padding=\"8vw||8vw||true|false\" border_width_all=\"5px\" border_color_all=\"#57bb2c\" locked=\"off\" collapsed=\"on\" global_colors_info=\"{}\"][et_pb_row _builder_version=\"4.22.0\" _module_preset=\"default\" global_colors_info=\"{}\"][et_pb_column type=\"4_4\" _builder_version=\"4.22.0\" _module_preset=\"default\" global_colors_info=\"{}\"][et_pb_text content_tablet=\"Projets et R\u00e9alisations\" content_phone=\"Projets et R\u00e9alisations\" content_last_edited=\"on|phone\" _builder_version=\"4.27.0\" _module_preset=\"default\" header_font=\"Manrope|800|||||||\" header_text_align=\"center\" header_text_color=\"#FFFFFF\" header_font_size=\"100px\" header_3_font=\"Manrope|800|||||||\" header_3_text_align=\"center\" header_3_text_color=\"#FFFFFF\" header_3_font_size=\"50px\" global_colors_info=\"{}\" hover_enabled=\"0\" sticky_enabled=\"0\"]Projets et R\u00e9alisations[\/et_pb_text][\/et_pb_column][\/et_pb_row][\/et_pb_section][et_pb_section fb_built=\"1\" _builder_version=\"4.27.0\" _module_preset=\"default\" background_color=\"rgba(221,232,234,0.55)\" global_colors_info=\"{}\"][et_pb_row _builder_version=\"4.27.0\" _module_preset=\"default\" global_colors_info=\"{}\"][et_pb_column&hellip;","robots":{"index":"index","follow":"follow","max-snippet":"max-snippet:-1","max-image-preview":"max-image-preview:large","max-video-preview":"max-video-preview:-1"},"canonical":"https:\/\/riprem.net\/projets-et-realisations\/","og_locale":"en_US","og_type":"article","og_title":"Projets et R\u00e9alisations","og_description":"[et_pb_section fb_built=\"1\" admin_label=\"Header\" _builder_version=\"4.27.0\" _module_preset=\"default\" use_background_color_gradient=\"on\" background_color_gradient_stops=\"rgba(83,43,168,0.43) 0%|rgba(83,43,168,0.43) 100%\" background_color_gradient_overlays_image=\"on\" background_image=\"https:\/\/riprem.net\/wp-content\/uploads\/2024\/07\/IMG-20221213-WA0003-1024x667-1.jpg\" parallax=\"on\" custom_padding=\"8vw||8vw||true|false\" border_width_all=\"5px\" border_color_all=\"#57bb2c\" locked=\"off\" collapsed=\"on\" global_colors_info=\"{}\"][et_pb_row _builder_version=\"4.22.0\" _module_preset=\"default\" global_colors_info=\"{}\"][et_pb_column type=\"4_4\" _builder_version=\"4.22.0\" _module_preset=\"default\" global_colors_info=\"{}\"][et_pb_text content_tablet=\"Projets et R\u00e9alisations\" content_phone=\"Projets et R\u00e9alisations\" content_last_edited=\"on|phone\" _builder_version=\"4.27.0\" _module_preset=\"default\" header_font=\"Manrope|800|||||||\" header_text_align=\"center\" header_text_color=\"#FFFFFF\" header_font_size=\"100px\" header_3_font=\"Manrope|800|||||||\" header_3_text_align=\"center\" header_3_text_color=\"#FFFFFF\" header_3_font_size=\"50px\" global_colors_info=\"{}\" hover_enabled=\"0\" sticky_enabled=\"0\"]Projets et R\u00e9alisations[\/et_pb_text][\/et_pb_column][\/et_pb_row][\/et_pb_section][et_pb_section fb_built=\"1\" _builder_version=\"4.27.0\" _module_preset=\"default\" background_color=\"rgba(221,232,234,0.55)\" global_colors_info=\"{}\"][et_pb_row _builder_version=\"4.27.0\" _module_preset=\"default\" global_colors_info=\"{}\"][et_pb_column&hellip;","og_url":"https:\/\/riprem.net\/projets-et-realisations\/","og_site_name":"riprem","article_publisher":"https:\/\/www.facebook.com\/Riprem.org\/","article_modified_time":"2024-08-06T11:47:32+00:00","twitter_card":"summary_large_image","twitter_site":"@RipremC","twitter_misc":{"Est. reading time":"3 minutes"},"schema":{"@context":"https:\/\/schema.org","@graph":[{"@type":"WebPage","@id":"https:\/\/riprem.net\/projets-et-realisations\/","url":"https:\/\/riprem.net\/projets-et-realisations\/","name":"Projets et R\u00e9alisations - riprem","isPartOf":{"@id":"https:\/\/riprem.net\/fr\/#website"},"datePublished":"2024-07-17T12:04:38+00:00","dateModified":"2024-08-06T11:47:32+00:00","breadcrumb":{"@id":"https:\/\/riprem.net\/projets-et-realisations\/#breadcrumb"},"inLanguage":"en-US","potentialAction":[{"@type":"ReadAction","target":["https:\/\/riprem.net\/projets-et-realisations\/"]}]},{"@type":"BreadcrumbList","@id":"https:\/\/riprem.net\/projets-et-realisations\/#breadcrumb","itemListElement":[{"@type":"ListItem","position":1,"name":"Accueil","item":"https:\/\/riprem.net\/"},{"@type":"ListItem","position":2,"name":"Projets et R\u00e9alisations"}]},{"@type":"WebSite","@id":"https:\/\/riprem.net\/fr\/#website","url":"https:\/\/riprem.net\/fr\/","name":"RIPREM","description":"","publisher":{"@id":"https:\/\/riprem.net\/fr\/#organization"},"potentialAction":[{"@type":"SearchAction","target":{"@type":"EntryPoint","urlTemplate":"https:\/\/riprem.net\/fr\/?s={search_term_string}"},"query-input":"required name=search_term_string"}],"inLanguage":"en-US"},{"@type":"Organization","@id":"https:\/\/riprem.net\/fr\/#organization","name":"RIPREM","url":"https:\/\/riprem.net\/fr\/","logo":{"@type":"ImageObject","inLanguage":"en-US","@id":"https:\/\/riprem.net\/fr\/#\/schema\/logo\/image\/","url":"https:\/\/riprem.net\/wp-content\/uploads\/2024\/07\/RIPREM-Logo-transformed.png","contentUrl":"https:\/\/riprem.net\/wp-content\/uploads\/2024\/07\/RIPREM-Logo-transformed.png","width":153,"height":90,"caption":"RIPREM"},"image":{"@id":"https:\/\/riprem.net\/fr\/#\/schema\/logo\/image\/"},"sameAs":["https:\/\/www.facebook.com\/Riprem.org\/","https:\/\/x.com\/RipremC"]}]}},"_links":{"self":[{"href":"https:\/\/riprem.net\/wp-json\/wp\/v2\/pages\/815"}],"collection":[{"href":"https:\/\/riprem.net\/wp-json\/wp\/v2\/pages"}],"about":[{"href":"https:\/\/riprem.net\/wp-json\/wp\/v2\/types\/page"}],"author":[{"embeddable":true,"href":"https:\/\/riprem.net\/wp-json\/wp\/v2\/users\/1"}],"replies":[{"embeddable":true,"href":"https:\/\/riprem.net\/wp-json\/wp\/v2\/comments?post=815"}],"version-history":[{"count":16,"href":"https:\/\/riprem.net\/wp-json\/wp\/v2\/pages\/815\/revisions"}],"predecessor-version":[{"id":2235,"href":"https:\/\/riprem.net\/wp-json\/wp\/v2\/pages\/815\/revisions\/2235"}],"wp:attachment":[{"href":"https:\/\/riprem.net\/wp-json\/wp\/v2\/media?parent=815"}],"curies":[{"name":"wp","href":"https:\/\/api.w.org\/{rel}","templated":true}]}}